{"id":10809,"date":"2016-09-12T14:42:46","date_gmt":"2016-09-12T11:42:46","guid":{"rendered":"https:\/\/cloud.virtualmagnet.eu\/de\/?page_id=10809"},"modified":"2016-09-21T13:04:43","modified_gmt":"2016-09-21T10:04:43","slug":"richtlinien","status":"publish","type":"page","link":"https:\/\/cloud.virtualmagnet.eu\/de\/richtlinien\/","title":{"rendered":"Richtlinien"},"content":{"rendered":"<div class=\"wpb-content-wrapper\">[vc_row][vc_column width=&#8220;1\/4&#8243;][vc_column_text]\n[\/vc_column_text][\/vc_column][vc_column width=&#8220;1\/2&#8243;][vc_column_text]HERZLICH WILLKOMMEN BEI MAGNET E-PUBLISHING, WIR FREUEN UNS DASS SIE UNSERE DIENSTLEISTUNG PROBIEREN WOLLEN.<\/p>\n<p>Bitte betrachten Sie unsere Richtlinien bevor Sie unseren Service benutzen:<\/p>\n<p>Die webseite (https:\/\/cloud.virtualmagnet.eu) wird von der Firma Communication Pro Oy Ab in Finland betrieben. \u00a0Mit der Benutzung dieser Webseite mit all den gelieferten Inhalt, akzeptieren Sie unsere Dokumentierte (englisch) Allgemeinen Gesch\u00e4ftsbedingungen wie Lieferkonditionen, Benutzer Richtlinien und Datenschutz (Terms of Service and Privacy Policy). Bitte betrachten Sie die Richtlinien.<br \/>\nFalls Sie den Benutz der Dienstleistung fortsetzen, nachdem die Privacy Policy sich ge\u00e4ndert hat, akzeptieren Sie damit die neue Lieferkonditionen.<\/p>\n<p><strong>IHRE PREISE<\/strong><\/p>\n<p>Am 1 1.2015 traten neue Regelungen f\u00fcr die Verrechnung der Mehrwertsteuer f\u00fcr digitale Services in der EU in Kraft. W\u00e4hrend bisher das Land des Dienstleisters ausschlaggebend f\u00fcr die Berechnung war, ist es nunmehr das Land des Nutzers der Dienstleistung. Kurz zusammengefasst wird die Mehrwertsteuer jetzt wie folgt verrechnet:<\/p>\n<p><strong>KEINE MEHRWERTSTEUER<\/strong><\/p>\n<p>1. \u00a0Wenn Sie Ihren Wohnsitz oder Firmensitz au\u00dferhalb der EU haben.<br \/>\n2. \u00a0Wenn Sie Ihren Firmensitz innerhalb der EU (nicht Finnland) haben, und eine g\u00fcltige UIDNummer angegeben haben.<\/p>\n<p><strong>DIE MEHRWERTSTEUER IHRES LANDES<\/strong><\/p>\n<p>1. Wenn Sie Ihren Wohnsitz oder Firmensitz in der EU (nicht Finnland) haben und keine g\u00fcltige \u00a0UID-Nummer angegeben haben.<\/p>\n<p><strong>IHR KONTO<\/strong><\/p>\n<p>Die Dienstleistung ist haupts\u00e4chtlich an B2B Kunden beabsichtigt und erfordert deswegen eine g\u00fcltige UID-Nummer und dass Sie als Benutzer mindestens 18 Jahre alt sind um den Service zu benutzen. Sie akzeptieren dass Sie mit einem g\u00fcltigen Benutzerkonto ein Benutzer der MagNet ePublishing \u00a0Dienstleistung sind. Das Abonnement its aktiv bis zur Ende des Publikationsperiodes im Plan und wird automatisch wieder f\u00fcr die n\u00e4chste Periode verrechnet falls Sie das Abonnement nicht gek\u00fcndigt haben.<\/p>\n<p>Mittels den Benutz der Tools von MagNet e-Publishing stimmen Sie zu das es Ihre pers\u00f6nliche Verantwortung ist die Tools angemessen und ethisch zu benutzen. Sie akzeptieren dass die Benutzung der webweite so verwendet wird wie sie ist.<\/p>\n<p><strong>IHR MATERIAL<\/strong><\/p>\n<p>Sie m\u00fcssen das Nutzungsrecht zur jenes PDF-materiales haben die mittels die virtualmagnet.eu Dienstleistung ver\u00f6ffentlich wird.<\/p>\n<p>Der registrierte Benutzer garantiert, dass alles Material die zu der Dienstleistung geschickt worden ist ist frei von Drittrechtliche Forderungen liegt, wie z.B. Trademark Gesetze, oder Copyright. Sie d\u00fcrfen nicht Materiale Teilen oden ver\u00f6ffentlichen die rechtswidrig sind.<\/p>\n<p><strong>ABONNEMENT K\u00dcNDIGEN<\/strong><\/p>\n<p>Sie k\u00f6nnen Ihren Abonnement jederzeit k\u00fcndigen wenn Sie bei virtualmagnet.eu eingelogged sind und Ihr Abonnement wird storniert. Das bedeutet aber, dass Sie keine anteilige Kostenerstattung erhalten werden f\u00fcr nichtgebrauchte Publikationslots f\u00fcr die restliche Periode. Um zu vermeiden, dass Sie unzufrieden mit der Dienstleistung werden, empfehlen wir unser Kostenloses Testen.<\/p>\n<p>Beim Kontaktieren oder Anfragen bitte ein eMail an unsere Adresse communications(at)virtualmagnet.eu schicken.<\/p>\n<p>Falls irgendwelche M\u00e4ngel oder suspekte Aktivit\u00e4t auf Ihrem Konto existiert, wird MagNet e-Publishing einen m\u00f6gliche Missbrauch der Dienstelistung untersuchen lassen. Bei angemessenen Verdacht des Missbrauches kann das Konto ohne Benachrichtigung storniert werden.[\/vc_column_text][\/vc_column][vc_column width=&#8220;1\/4&#8243;][vc_column_text]\n[\/vc_column_text][\/vc_column][\/vc_row]\n<\/div>","protected":false},"excerpt":{"rendered":"<p>[vc_row][vc_column width=&#8220;1\/4&#8243;][vc_column_text] [\/vc_column_text][\/vc_column][vc_column width=&#8220;1\/2&#8243;][vc_column_text]HERZLICH WILLKOMMEN BEI MAGNET E-PUBLISHING, WIR FREUEN UNS DASS SIE UNSERE DIENSTLEISTUNG PROBIEREN WOLLEN. Bitte betrachten Sie unsere Richtlinien bevor Sie unseren Service benutzen: Die webseite (https:\/\/cloud.virtualmagnet.eu) wird von der Firma Communication Pro Oy Ab in Finland betrieben. \u00a0Mit der Benutzung dieser Webseite mit all den gelieferten Inhalt, akzeptieren Sie unsere Dokumentierte [&hellip;]<\/p>\n","protected":false},"author":1,"featured_media":0,"parent":0,"menu_order":0,"comment_status":"closed","ping_status":"closed","template":"page-blank.php","meta":{"footnotes":""},"class_list":["post-10809","page","type-page","status-publish","hentry"],"_links":{"self":[{"href":"https:\/\/cloud.virtualmagnet.eu\/de\/wp-json\/wp\/v2\/pages\/10809","targetHints":{"allow":["GET"]}}],"collection":[{"href":"https:\/\/cloud.virtualmagnet.eu\/de\/wp-json\/wp\/v2\/pages"}],"about":[{"href":"https:\/\/cloud.virtualmagnet.eu\/de\/wp-json\/wp\/v2\/types\/page"}],"author":[{"embeddable":true,"href":"https:\/\/cloud.virtualmagnet.eu\/de\/wp-json\/wp\/v2\/users\/1"}],"replies":[{"embeddable":true,"href":"https:\/\/cloud.virtualmagnet.eu\/de\/wp-json\/wp\/v2\/comments?post=10809"}],"version-history":[{"count":0,"href":"https:\/\/cloud.virtualmagnet.eu\/de\/wp-json\/wp\/v2\/pages\/10809\/revisions"}],"wp:attachment":[{"href":"https:\/\/cloud.virtualmagnet.eu\/de\/wp-json\/wp\/v2\/media?parent=10809"}],"curies":[{"name":"wp","href":"https:\/\/api.w.org\/{rel}","templated":true}]}}