{"id":12268,"date":"2015-12-21T14:04:17","date_gmt":"2015-12-21T12:04:17","guid":{"rendered":"https:\/\/cloud.virtualmagnet.eu\/shop\/galleypage-anpassen-im-corporate-design\/"},"modified":"2016-09-22T16:28:46","modified_gmt":"2016-09-22T13:28:46","slug":"galleypage-anpassen","status":"publish","type":"product","link":"https:\/\/cloud.virtualmagnet.eu\/de\/shop\/galleypage-anpassen\/","title":{"rendered":"GalleyPage anpassen im Corporate Design"},"content":{"rendered":"","protected":false},"excerpt":{"rendered":"<p>Kostenlos und das Beste daran: Sie ben\u00f6tigen keine technischen Kenntnisse. Sie brauchen einfach uns die ben\u00f6tigten Information hochladen und wir erstellen die Webseite f\u00fcr Sie. Wir ben\u00f6tigen <strong>ca 1-3 Arbeitstage<\/strong> und informieren Sie umgehend wenn die GalleryPage verf\u00fcgbar ist.<\/p>\n<p><span style=\"color: #b9c428; font-size: 22px;\"><i class=\"fa fa-check-circle\"><\/i><\/span>\u00a0Eigene Hintergrundfarbe oder Bild zuschicken<br \/>\n<span style=\"color: #b9c428; font-size: 22px;\"><i class=\"fa fa-check-circle\"><\/i><\/span>\u00a0Eigenes Logo oder eigenes Banner einf\u00fcgen\u00a0\u00a0<strong><span style=\"color: #b9c428;\">*<\/span><\/strong><br \/>\n<span style=\"color: #b9c428; font-size: 22px;\"><i class=\"fa fa-check-circle\"><\/i><\/span>\u00a0Schreiben Sie einen eigenen Titel und Inhalt\u00a0 <strong><span style=\"color: #b9c428;\">*<\/span><\/strong><br \/>\n<span style=\"color: #b9c428; font-size: 22px;\"><i class=\"fa fa-check-circle\"><\/i><\/span> Benutzen Sie die Schriftart ihrer Webseite<br \/>\n<span style=\"color: #b9c428; font-size: 22px;\"><i class=\"fa fa-check-circle\"><\/i><\/span>\u00a0Ihre Seite kann in jeder Sprache sei<\/p>\n<p><span style=\"color: #b9c428;\"><strong>*<\/strong><\/span> Das Logo und der Titel werden auch mit der Seite an social media geteilt.<\/p>\n<h3 style=\"text-align: center;\">Beispiele ansehen!<\/h3>\n<div class=\"columns row group\">\n<div class=\"col cols-2\"><a title=\"Click to see the example!\" href=\"https:\/\/cloud.virtualmagnet.eu\/de\/gallerypage-gestaltet-mit-logo-und-hintergrund-farbe\/\" target=\"_blank\"><img loading=\"lazy\" decoding=\"async\" class=\" wp-image-7981 size-thumbnail alignright\" src=\"https:\/\/cloud.virtualmagnet.eu\/wp-content\/uploads\/2015\/08\/Custom-logo-and-background-color-with-handwritten-text-150x150.jpg\" alt=\"Custom-logo-and-background-color-\" width=\"150\" height=\"150\" \/><\/a><\/div>\n<div class=\"col cols-2\"><a title=\"Click to see the example!\" href=\"https:\/\/cloud.virtualmagnet.eu\/de\/gallerypage-gestaltet-mit-logo-und-hintergrund-bild\/\" target=\"_blank\"><img loading=\"lazy\" decoding=\"async\" class=\" wp-image-7982 size-thumbnail alignleft\" src=\"https:\/\/cloud.virtualmagnet.eu\/wp-content\/uploads\/2015\/08\/Custom-logo-and-background-image-with-image-in-the-bacground-01-01-150x150.jpg\" alt=\"Custom-logo-and-background-image-with-image-in-the-bacground-01-01\" width=\"150\" height=\"150\" srcset=\"https:\/\/cloud.virtualmagnet.eu\/wp-content\/uploads\/2015\/08\/Custom-logo-and-background-image-with-image-in-the-bacground-01-01-150x150.jpg 150w, https:\/\/cloud.virtualmagnet.eu\/wp-content\/uploads\/2015\/08\/Custom-logo-and-background-image-with-image-in-the-bacground-01-01-600x600.jpg 600w\" sizes=\"auto, (max-width: 150px) 100vw, 150px\" \/><\/a><\/div>\n<\/div>\n","protected":false},"featured_media":12008,"template":"","meta":[],"product_brand":[],"product_cat":[198],"product_tag":[],"class_list":{"0":"post-12268","1":"product","2":"type-product","3":"status-publish","4":"has-post-thumbnail","6":"product_cat-service-plan-de","8":"first","9":"instock","10":"featured","11":"virtual","12":"sold-individually","13":"taxable","14":"purchasable","15":"product-type-simple"},"_links":{"self":[{"href":"https:\/\/cloud.virtualmagnet.eu\/de\/wp-json\/wp\/v2\/product\/12268","targetHints":{"allow":["GET"]}}],"collection":[{"href":"https:\/\/cloud.virtualmagnet.eu\/de\/wp-json\/wp\/v2\/product"}],"about":[{"href":"https:\/\/cloud.virtualmagnet.eu\/de\/wp-json\/wp\/v2\/types\/product"}],"wp:featuredmedia":[{"embeddable":true,"href":"https:\/\/cloud.virtualmagnet.eu\/de\/wp-json\/wp\/v2\/media\/12008"}],"wp:attachment":[{"href":"https:\/\/cloud.virtualmagnet.eu\/de\/wp-json\/wp\/v2\/media?parent=12268"}],"wp:term":[{"taxonomy":"product_brand","embeddable":true,"href":"https:\/\/cloud.virtualmagnet.eu\/de\/wp-json\/wp\/v2\/product_brand?post=12268"},{"taxonomy":"product_cat","embeddable":true,"href":"https:\/\/cloud.virtualmagnet.eu\/de\/wp-json\/wp\/v2\/product_cat?post=12268"},{"taxonomy":"product_tag","embeddable":true,"href":"https:\/\/cloud.virtualmagnet.eu\/de\/wp-json\/wp\/v2\/product_tag?post=12268"}],"curies":[{"name":"wp","href":"https:\/\/api.w.org\/{rel}","templated":true}]}}