{"id":12692,"date":"2017-04-20T10:47:56","date_gmt":"2017-04-20T07:47:56","guid":{"rendered":"https:\/\/cloud.virtualmagnet.eu\/fi\/?page_id=12692"},"modified":"2024-02-06T16:03:49","modified_gmt":"2024-02-06T14:03:49","slug":"yhteys","status":"publish","type":"page","link":"https:\/\/cloud.virtualmagnet.eu\/fi\/yhteys\/","title":{"rendered":"Yhteys"},"content":{"rendered":"<div class=\"wpb-content-wrapper\">[vc_row video_bg=&#8221;false&#8221; margintop=&#8221;0&#8243; marginbottom=&#8221;0&#8243; paddingtop=&#8221;60&#8243; paddingbottom=&#8221;60&#8243; border_width=&#8221;0&#8243; border_color=&#8221;#e8e8e8&#8243; bg_repeat=&#8221;repeat&#8221; bg_stretch=&#8221;false&#8221; video_quality=&#8221;default&#8221;][vc_column width=&#8221;1\/2&#8243;]<div class=\"title-outer pos_left \"  style=\"\"><h3 style=\"11\">Yhteystiedot<\/h3><\/div><div class=\"product-feature prod_feature_counter1 toleft  \"  ><style type=\"text\/css\" scoped=\"scoped\">.product-feature.prod_feature_counter1 {}.product-feature.prod_feature_counter1 .product-feature-wrap {padding-left:70px;}.product-feature.prod_feature_counter1 span.pf_icon {color: #ffffff;background-color: #333333;padding: 10px;font-size:20px;line-height:20px;width: 20px;height: 20px;}.product-feature.prod_feature_counter1 .featured {color: ;font-size: 20px;font-weight: 400;}.product-feature.prod_feature_counter1 .product-featured-description {color: ;font-size: 12px;line-height: 1.7;}<\/style><div class=\"product-feature-wrap style_1 img_small\"><span class=\"pf_icon fa fa-phone circle\"><\/span><h3 class=\"featured\">Soita meille<\/h3><div class=\"product-featured-description\">Puh: +358 (0)9 687 7300<\/div><\/div><\/div><div class=\"separator  \" style=\"padding-top: 15px; padding-bottom: 15px; \" ><hr class=\"blank_divider\" ><\/div><div class=\"product-feature prod_feature_counter2 toleft  \"  ><style type=\"text\/css\" scoped=\"scoped\">.product-feature.prod_feature_counter2 {}.product-feature.prod_feature_counter2 .product-feature-wrap {padding-left:70px;}.product-feature.prod_feature_counter2 span.pf_icon {color: #ffffff;background-color: #333333;padding: 10px;font-size:20px;line-height:20px;width: 20px;height: 20px;}.product-feature.prod_feature_counter2 .featured {color: ;font-size: 20px;font-weight: 400;}.product-feature.prod_feature_counter2 .product-featured-description {color: ;font-size: 12px;line-height: 1.7;}<\/style><div class=\"product-feature-wrap style_1 img_small\"><span class=\"pf_icon fa fa-envelope circle\"><\/span><h3 class=\"featured\">L\u00e4het\u00e4 s\u00e4hk\u00f6postia @<\/h3><div class=\"product-featured-description\"><a href=\"mailto:info@virtualmagnet.eu\">info(at)virtualmagnet.eu<\/a><\/div><\/div><\/div><div class=\"separator  \" style=\"padding-top: 15px; padding-bottom: 15px; \" ><hr class=\"blank_divider\" ><\/div><div class=\"product-feature prod_feature_counter3 toleft  \"  ><style type=\"text\/css\" scoped=\"scoped\">.product-feature.prod_feature_counter3 {}.product-feature.prod_feature_counter3 .product-feature-wrap {padding-left:70px;}.product-feature.prod_feature_counter3 span.pf_icon {color: #ffffff;background-color: #333333;padding: 10px;font-size:20px;line-height:20px;width: 20px;height: 20px;}.product-feature.prod_feature_counter3 .featured {color: ;font-size: 20px;font-weight: 400;}.product-feature.prod_feature_counter3 .product-featured-description {color: ;font-size: 12px;line-height: 1.7;}<\/style><div class=\"product-feature-wrap style_1 img_small\"><span class=\"pf_icon fa fa-question circle\"><\/span><h3 class=\"featured\">Nopeat vastaukset UKK sivulla<\/h3><div class=\"product-featured-description\">\n<p>Olemme vastanneet yleisimpiin kysymyksiin ja huolenaiheisiin <a href=\"https:\/\/cloud.virtualmagnet.eu\/fi\/ukk\/\">UKK sivullamme<\/a>.<\/p>\n<\/div><\/div><\/div><div class=\"separator  \" style=\"padding-top: 15px; padding-bottom: 15px; \" ><hr class=\"blank_divider\" ><\/div><div class=\"product-feature prod_feature_counter4 toleft  \"  ><style type=\"text\/css\" scoped=\"scoped\">.product-feature.prod_feature_counter4 {}.product-feature.prod_feature_counter4 .product-feature-wrap {padding-left:70px;}.product-feature.prod_feature_counter4 span.pf_icon {color: #ffffff;background-color: #333333;padding: 10px;font-size:20px;line-height:20px;width: 20px;height: 20px;}.product-feature.prod_feature_counter4 .featured {color: ;font-size: 20px;font-weight: 400;}.product-feature.prod_feature_counter4 .product-featured-description {color: ;font-size: 12px;line-height: 1.7;}<\/style><div class=\"product-feature-wrap style_1 img_small\"><span class=\"pf_icon fa fa-send circle\"><\/span><h3 class=\"featured\">Sijaintimme<\/h3><div class=\"product-featured-description\">Oy Communication Pro Ab,<br \/>\nMagNet e-Publishing<br \/>\nAhventie 4 A 20<br \/>\n02170 Espoo<br \/>\n<a href=\"http:\/\/www.communicationpro.com\" target=\"_blank\" rel=\"noopener\">www.communicationpro.com<\/a><\/div><\/div><\/div><div class=\"separator  \" style=\"padding-top: 25px; padding-bottom: 25px; \" ><hr class=\"dotted\" ><\/div><div class=\"product-feature prod_feature_counter5 toleft  \"  ><style type=\"text\/css\" scoped=\"scoped\">.product-feature.prod_feature_counter5 {}.product-feature.prod_feature_counter5 .product-feature-wrap {padding-left:70px;}.product-feature.prod_feature_counter5 span.pf_icon {color: #ffffff;background-color: #333333;padding: 10px;font-size:20px;line-height:20px;width: 20px;height: 20px;}.product-feature.prod_feature_counter5 .featured {color: ;font-size: 20px;font-weight: 400;}.product-feature.prod_feature_counter5 .product-featured-description {color: ;font-size: 12px;line-height: 1.7;}<\/style><div class=\"product-feature-wrap style_1 img_small\"><span class=\"pf_icon fa fa-th circle\"><\/span><h3 class=\"featured\">Muut palvelumme<\/h3><div class=\"product-featured-description\"><strong>MediaBank<\/strong> &#8211; tallennus- ja jakelupalvelu kuville, videoille ja dokumenteille.<\/p>\n<p>Tutustu osoitteessa <strong><a href=\"https:\/\/mediabank.communicationpro.com\/\" target=\"_blank\" rel=\"noopener noreferrer\">mediabank.communicationpro.com<\/a><\/strong><\/div><\/div><\/div><div class=\"separator  \" style=\"padding-top: 25px; padding-bottom: 25px; \" ><hr class=\"dotted\" ><\/div><ul class=\"team-skills changed size_small product-feature \" style=\"text-align:center;\" ><li><a href=\"https:\/\/www.facebook.com\/magnetepublishing\" class=\"ntip\" alt=\"Facebook\" original-title=\"Facebook\" target=\"_blank\" rel=\"noopener\"><i class=\"fab fa-facebook\"><\/i><\/a><li><a href=\"https:\/\/www.linkedin.com\/company\/magnet-e-publishing\" class=\" ntip\" alt=\"LinkedIn\" original-title=\"LinkedIn\" target=\"_blank\" rel=\"noopener\"><i class=\"fab fa-linkedin\"><\/i><\/a><\/ul>[\/vc_column][vc_column width=&#8221;1\/2&#8243;]<div class=\"title-outer pos_left \"  style=\"\"><h3 style=\"11\">Ota yhteytt\u00e4:<\/h3><i class=\"fa fa-envelope\" style=\"\"><\/i><\/div><noscript class=\"ninja-forms-noscript-message\">\n\tHuomautus: JavaScript vaaditaan t\u00e4t\u00e4 sis\u00e4lt\u00f6\u00e4 varten.<\/noscript>\n<div id=\"nf-form-34-cont\" class=\"nf-form-cont\" aria-live=\"polite\" aria-labelledby=\"nf-form-title-34\" aria-describedby=\"nf-form-errors-34\" role=\"form\">\n\n    <div class=\"nf-loading-spinner\"><\/div>\n\n<\/div>\n        <!-- That data is being printed as a workaround to page builders reordering the order of the scripts loaded-->\n        <script>var formDisplay=1;var nfForms=nfForms||[];var form=[];form.id='34';form.settings={\"objectType\":\"Form Setting\",\"editActive\":true,\"title\":\"Ota yhteytt\\u00e4\",\"created_at\":\"2022-12-05 16:03:53\",\"default_label_pos\":\"above\",\"show_title\":\"0\",\"clear_complete\":\"1\",\"hide_complete\":0,\"logged_in\":\"0\",\"save_subs\":\"1\",\"append_page\":\"\",\"ajax\":\"0\",\"landing_page\":\"\",\"success_msg\":\"Your form has been successfully submitted.\",\"email_from\":\"\",\"email_type\":\"html\",\"user_email_msg\":\"Thank you so much for contacting us. We will get back to you shortly.\",\"user_email_fields\":\"0\",\"admin_email_msg\":\"\",\"admin_email_fields\":\"1\",\"admin_attach_csv\":\"0\",\"email_from_name\":\"\",\"date_updated\":\"2014-09-09 15:20:50\",\"status\":\"\",\"wrapper_class\":\"\",\"element_class\":\"\",\"add_submit\":\"1\",\"currency\":\"\",\"unique_field_error\":\"A form with this value has already been submitted.\",\"not_logged_in_msg\":\"\",\"sub_limit_msg\":\"The form has reached its submission limit.\",\"calculations\":[],\"formContentData\":[\"nimi_1670249087886\",\"saehkoeposti_1670249095393\",\"viesti_1670249099159\",\"spam_4\",\"laehetae_1670250450423\"],\"key\":\"\",\"allow_public_link\":0,\"embed_form\":\"\",\"public_link\":\"https:\\\/\\\/www.virtualmagnet.eu\\\/ninja-forms\\\/34uqma\",\"changeEmailErrorMsg\":\"Anna voimassa oleva s\\u00e4hk\\u00f6postiosoite!\",\"changeDateErrorMsg\":\"Please enter a valid date!\",\"confirmFieldErrorMsg\":\"N\\u00e4iden kenttien on t\\u00e4sm\\u00e4tt\\u00e4v\\u00e4!\",\"fieldNumberNumMinError\":\"Numero minimi virhe\",\"fieldNumberNumMaxError\":\"Numero maksimi virhe\",\"fieldNumberIncrementBy\":\"Lis\\u00e4\\u00e4 m\\u00e4\\u00e4r\\u00e4ll\\u00e4 \",\"formErrorsCorrectErrors\":\"Korjaa virheet, ennen kuin l\\u00e4het\\u00e4t t\\u00e4m\\u00e4n lomakkeen.\",\"validateRequiredField\":\"T\\u00e4m\\u00e4 on pakollinen kentt\\u00e4.\",\"honeypotHoneypotError\":\"Honeypot-virhe\",\"fieldsMarkedRequired\":\"T\\u00e4hdell\\u00e4 <span class=\\\"ninja-forms-req-symbol\\\">*<\\\/span> merkityt kent\\u00e4t ovat pakollisia\",\"public_link_key\":\"34uqma\",\"drawerDisabled\":false,\"form_title_heading_level\":\"3\",\"ninjaForms\":\"Ninja-lomakkeet\",\"fieldTextareaRTEInsertLink\":\"Lis\\u00e4\\u00e4 linkki\",\"fieldTextareaRTEInsertMedia\":\"Lis\\u00e4\\u00e4 media\",\"fieldTextareaRTESelectAFile\":\"Valitse tiedosto\",\"tableInsertRowAbove\":\"Insert Row Above\",\"tableInsertRowBelow\":\"Insert Row Below\",\"tableInsertColumnLeft\":\"Insert Column Left\",\"tableInsertColumnRight\":\"Insert Column Right\",\"tableDeleteRow\":\"Delete Row\",\"tableDeleteColumn\":\"Delete Column\",\"tableDeleteTable\":\"Delete Table\",\"tableLegacyNotice\":\"This content has tables in the old editor format. Custom styles are preserved until converted. Editing will update to the new format.\",\"tableLegacyConvert\":\"Convert Now\",\"tableInsertTable\":\"Insert Table\",\"dismiss\":\"Piilota t\\u00e4m\\u00e4 huomautus.\",\"insertLink\":\"Lis\\u00e4\\u00e4 linkki\",\"formHoneypot\":\"Jos n\\u00e4et t\\u00e4m\\u00e4n kent\\u00e4n, j\\u00e4t\\u00e4 se tyhj\\u00e4ksi.\",\"fileUploadOldCodeFileUploadInProgress\":\"Tiedoston l\\u00e4hett\\u00e4minen menossa.\",\"fileUploadOldCodeFileUpload\":\"TIEDOSTON L\\u00c4HETT\\u00c4MINEN\",\"currencySymbol\":\"&euro;\",\"thousands_sep\":\"&nbsp;\",\"decimal_point\":\".\",\"siteLocale\":\"fi\",\"dateFormat\":\"d.m.Y\",\"startOfWeek\":\"1\",\"of\":\" \\\/ \",\"previousMonth\":\"Previous Month\",\"nextMonth\":\"Next Month\",\"months\":[\"January\",\"February\",\"March\",\"April\",\"May\",\"June\",\"July\",\"August\",\"September\",\"October\",\"November\",\"December\"],\"monthsShort\":[\"Jan\",\"Feb\",\"Mar\",\"Apr\",\"May\",\"Jun\",\"Jul\",\"Aug\",\"Sep\",\"Oct\",\"Nov\",\"Dec\"],\"weekdays\":[\"Sunday\",\"Monday\",\"Tuesday\",\"Wednesday\",\"Thursday\",\"Friday\",\"Saturday\"],\"weekdaysShort\":[\"Sun\",\"Mon\",\"Tue\",\"Wed\",\"Thu\",\"Fri\",\"Sat\"],\"weekdaysMin\":[\"Su\",\"Mo\",\"Tu\",\"We\",\"Th\",\"Fr\",\"Sa\"],\"recaptchaConsentMissing\":\"reCaptcha validation couldn&#039;t load.\",\"recaptchaMissingCookie\":\"reCaptcha v3 validation couldn&#039;t load the cookie needed to submit the form.\",\"recaptchaConsentEvent\":\"Accept reCaptcha cookies before sending the form.\",\"currency_symbol\":\"\",\"beforeForm\":\"\",\"beforeFields\":\"\",\"afterFields\":\"\",\"afterForm\":\"\"};form.fields=[{\"objectType\":\"Field\",\"objectDomain\":\"fields\",\"editActive\":false,\"order\":1,\"idAttribute\":\"id\",\"fav_id\":0,\"def_id\":0,\"label_pos\":\"above\",\"default_value\":\"\",\"mask\":\"\",\"datepicker\":0,\"first_name\":\"\",\"last_name\":\"\",\"from_name\":0,\"user_address_1\":\"\",\"user_address_2\":\"\",\"user_city\":\"\",\"user_zip\":\"\",\"user_phone\":\"\",\"user_email\":\"\",\"user_info_field_group\":\"\",\"show_help\":0,\"help_text\":\"\",\"show_desc\":0,\"desc_pos\":\"none\",\"desc_text\":\"\",\"calc_auto_include\":0,\"element_class\":\"\",\"required\":1,\"default\":\"\",\"type\":\"textbox\",\"label\":\"Nimi\",\"key\":\"nimi_1670249087886\",\"placeholder\":\"\",\"container_class\":\"\",\"input_limit\":\"\",\"input_limit_type\":\"characters\",\"input_limit_msg\":\"Character(s) left\",\"manual_key\":\"\",\"admin_label\":\"\",\"custom_mask\":\"\",\"custom_name_attribute\":\"\",\"personally_identifiable\":\"\",\"value\":\"\",\"field_label\":\"Name\",\"field_key\":\"textbox_1\",\"id\":152,\"beforeField\":\"\",\"afterField\":\"\",\"parentType\":\"textbox\",\"element_templates\":[\"textbox\",\"input\"],\"old_classname\":\"\",\"wrap_template\":\"wrap\"},{\"objectType\":\"Field\",\"objectDomain\":\"fields\",\"editActive\":false,\"order\":2,\"idAttribute\":\"id\",\"fav_id\":0,\"def_id\":14,\"label_pos\":\"above\",\"default_value\":\"\",\"mask\":\"\",\"datepicker\":0,\"first_name\":0,\"last_name\":0,\"from_name\":0,\"user_address_1\":0,\"user_address_2\":0,\"user_city\":0,\"user_zip\":0,\"user_phone\":0,\"user_info_field_group\":1,\"show_help\":0,\"help_text\":\"\",\"calc_auto_include\":0,\"calc_option\":0,\"conditional\":\"\",\"user_info_field_group_name\":\"\",\"user_info_field_group_custom\":\"\",\"show_desc\":0,\"desc_pos\":\"none\",\"desc_text\":\"\",\"element_class\":\"\",\"required\":1,\"default\":\"\",\"type\":\"email\",\"label\":\"S\\u00e4hk\\u00f6posti\",\"key\":\"saehkoeposti_1670249095393\",\"placeholder\":\"\",\"container_class\":\"\",\"admin_label\":\"\",\"custom_name_attribute\":\"email\",\"personally_identifiable\":1,\"value\":\"\",\"field_label\":\"Email\",\"field_key\":\"email_2\",\"id\":153,\"beforeField\":\"\",\"afterField\":\"\",\"parentType\":\"email\",\"element_templates\":[\"email\",\"input\"],\"old_classname\":\"\",\"wrap_template\":\"wrap\"},{\"objectType\":\"Field\",\"objectDomain\":\"fields\",\"editActive\":false,\"order\":3,\"idAttribute\":\"id\",\"fav_id\":0,\"def_id\":0,\"label_pos\":\"above\",\"default_value\":\"\",\"textarea_rte\":0,\"textarea_media\":0,\"disable_rte_mobile\":0,\"show_help\":0,\"help_text\":\"\",\"show_desc\":0,\"desc_pos\":\"none\",\"desc_text\":\"\",\"calc_auto_include\":0,\"element_class\":\"\",\"required\":1,\"default\":\"\",\"type\":\"textarea\",\"label\":\"Viesti\",\"key\":\"viesti_1670249099159\",\"placeholder\":\"\",\"container_class\":\"\",\"input_limit\":\"\",\"input_limit_type\":\"characters\",\"input_limit_msg\":\"Character(s) left\",\"manual_key\":\"\",\"admin_label\":\"\",\"value\":\"\",\"field_label\":\"Message\",\"field_key\":\"textarea_3\",\"id\":154,\"beforeField\":\"\",\"afterField\":\"\",\"parentType\":\"textarea\",\"element_templates\":[\"textarea\",\"input\"],\"old_classname\":\"\",\"wrap_template\":\"wrap\"},{\"objectType\":\"Field\",\"objectDomain\":\"fields\",\"editActive\":false,\"order\":4,\"idAttribute\":\"id\",\"fav_id\":0,\"def_id\":0,\"label_pos\":\"left\",\"spam_answer\":7,\"show_help\":0,\"help_text\":\"\",\"show_desc\":0,\"desc_pos\":\"none\",\"desc_text\":\"\",\"element_class\":\"\",\"required\":1,\"type\":\"spam\",\"label\":\"Mit\\u00e4 on kolmetoista miinus 6?\",\"key\":\"spam_4\",\"default\":\"\",\"placeholder\":\"\",\"container_class\":\"\",\"input_limit\":\"\",\"input_limit_type\":\"characters\",\"input_limit_msg\":\"Character(s) left\",\"manual_key\":1,\"admin_label\":\"\",\"value\":\"\",\"drawerDisabled\":false,\"field_label\":\"What is thirteen minus 6?\",\"field_key\":\"spam_4\",\"id\":155,\"beforeField\":\"\",\"afterField\":\"\",\"parentType\":\"spam\",\"element_templates\":[\"textbox\",\"input\"],\"old_classname\":\"\",\"wrap_template\":\"wrap\"},{\"objectType\":\"Field\",\"objectDomain\":\"fields\",\"editActive\":false,\"order\":5,\"idAttribute\":\"id\",\"fav_id\":0,\"def_id\":0,\"show_help\":0,\"help_text\":\"\",\"show_desc\":0,\"desc_pos\":\"none\",\"desc_text\":\"\",\"processing_label\":\"K\\u00e4sitell\\u00e4\\u00e4n\",\"element_class\":\"\",\"type\":\"submit\",\"label\":\"L\\u00e4het\\u00e4\",\"key\":\"laehetae_1670250450423\",\"container_class\":\"\",\"field_label\":\"Send\",\"field_key\":\"submit_5\",\"drawerDisabled\":false,\"id\":156,\"beforeField\":\"\",\"afterField\":\"\",\"value\":\"\",\"label_pos\":\"above\",\"parentType\":\"textbox\",\"element_templates\":[\"submit\",\"button\",\"input\"],\"old_classname\":\"\",\"wrap_template\":\"wrap-no-label\"}];nfForms.push(form);<\/script>\n        [\/vc_column][\/vc_row]\n<\/div>","protected":false},"excerpt":{"rendered":"<p>[vc_row video_bg=&#8221;false&#8221; margintop=&#8221;0&#8243; marginbottom=&#8221;0&#8243; paddingtop=&#8221;60&#8243; paddingbottom=&#8221;60&#8243; border_width=&#8221;0&#8243; border_color=&#8221;#e8e8e8&#8243; bg_repeat=&#8221;repeat&#8221; bg_stretch=&#8221;false&#8221; video_quality=&#8221;default&#8221;][vc_column width=&#8221;1\/2&#8243;][\/vc_column][vc_column width=&#8221;1\/2&#8243;][\/vc_column][\/vc_row]<\/p>\n","protected":false},"author":1,"featured_media":0,"parent":0,"menu_order":58,"comment_status":"closed","ping_status":"closed","template":"","meta":{"footnotes":""},"class_list":["post-12692","page","type-page","status-publish","hentry"],"_links":{"self":[{"href":"https:\/\/cloud.virtualmagnet.eu\/fi\/wp-json\/wp\/v2\/pages\/12692","targetHints":{"allow":["GET"]}}],"collection":[{"href":"https:\/\/cloud.virtualmagnet.eu\/fi\/wp-json\/wp\/v2\/pages"}],"about":[{"href":"https:\/\/cloud.virtualmagnet.eu\/fi\/wp-json\/wp\/v2\/types\/page"}],"author":[{"embeddable":true,"href":"https:\/\/cloud.virtualmagnet.eu\/fi\/wp-json\/wp\/v2\/users\/1"}],"replies":[{"embeddable":true,"href":"https:\/\/cloud.virtualmagnet.eu\/fi\/wp-json\/wp\/v2\/comments?post=12692"}],"version-history":[{"count":10,"href":"https:\/\/cloud.virtualmagnet.eu\/fi\/wp-json\/wp\/v2\/pages\/12692\/revisions"}],"predecessor-version":[{"id":21811,"href":"https:\/\/cloud.virtualmagnet.eu\/fi\/wp-json\/wp\/v2\/pages\/12692\/revisions\/21811"}],"wp:attachment":[{"href":"https:\/\/cloud.virtualmagnet.eu\/fi\/wp-json\/wp\/v2\/media?parent=12692"}],"curies":[{"name":"wp","href":"https:\/\/api.w.org\/{rel}","templated":true}]}}