{"id":12969,"date":"2017-05-10T16:10:48","date_gmt":"2017-05-10T13:10:48","guid":{"rendered":"https:\/\/cloud.virtualmagnet.eu\/?page_id=12969\/"},"modified":"2022-08-29T15:17:52","modified_gmt":"2022-08-29T12:17:52","slug":"rekisteriseloste","status":"publish","type":"page","link":"https:\/\/cloud.virtualmagnet.eu\/fi\/rekisteriseloste\/","title":{"rendered":"Rekisteriseloste"},"content":{"rendered":"<div class=\"wpb-content-wrapper\">[vc_row][vc_column width=&#8221;1\/4&#8243;][vc_column_text]\n[\/vc_column_text][\/vc_column][vc_column width=&#8221;1\/2&#8243;][vc_column_text]Henkil\u00f6tietolain (523\/99) 10 \u00a7:n mukainen rekisteriseloste<br \/>\nEU:n yleinen tietosuoja-asetus (EU)2016\/679<\/p>\n<p>REKISTERISELOSTE<\/p>\n<p>1. Rekisterinpit\u00e4j\u00e4<br \/>\nOy Communication Pro Ab<br \/>\nAhventie 4 A 20<br \/>\n02170 Espoo Finland<br \/>\npuh. +358 96877300<\/p>\n<p>2. Rekisteriasiat<br \/>\nAsiakaspalvelumme vastaa rekisteri\u00e4 koskeviin kysymyksiin ja palautteisiin. Rekisteriseloste on viimeksi p\u00e4ivitetty 22.5.2018.<\/p>\n<p>3. Rekisterin nimi<br \/>\nOy Communication Pro Ab:n asiakas ja markkinointirekisteri<\/p>\n<p>4. Henkil\u00f6tietojen k\u00e4sittelyn tarkoitus<br \/>\nK\u00e4sittelyn tarkoituksena on asiakassuhteen hoitaminen, hallintaan ja kehitt\u00e4miseen, asiakkaan ja Oy Communication Pro Ab:n oikeuksien ja velvollisuuksien toteuttaminen sek\u00e4 henkil\u00f6tietolain mukainen henkil\u00f6tietojen k\u00e4sittely verkkopalveluihin liittyviin tarkoituksiin, Oy Communication Pro Ab:n ja\/tai sen yhteisty\u00f6kumppaneiden mainonnan ja\/tai suoramarkkinoinnin suuntaaminen asiakastietojen perusteella Oy Communication Pro Ab:n viestimien ja palvelujen kautta luovuttamatta henkil\u00f6tietoja ulkopuoliselle taholle.<\/p>\n<p>Henkil\u00f6tietoja k\u00e4sitell\u00e4\u00e4n seuraavia tarkoituksia varten, t\u00e4h\u00e4n kuitenkaan tyhjent\u00e4v\u00e4sti rajoittumatta:<\/p>\n<p>\u2022 SaaS pilvipalveluiden sek\u00e4 asiakkaan tiloissa toimivien sovellusten yll\u00e4pitoon<br \/>\n\u2022 asiakassuhteen hoitaminen ja kehitt\u00e4minen<br \/>\n\u2022 laskutus<br \/>\n\u2022 k\u00e4ytt\u00e4j\u00e4tunnukset ja muut tunnistetiedot<br \/>\n\u2022 palveluista ja tuotteista tiedottaminen<br \/>\n\u2022 markkinointiviestint\u00e4\u00e4n, my\u00f6s suoramarkkinointi<br \/>\n\u2022 suoramarkkinointikieltojen yll\u00e4pito<br \/>\n\u2022 mielipide\u2010 ja markkinatutkimuksien sek\u00e4 tuotekehitysty\u00f6n toteuttaminen<\/p>\n<p>5. Rekisterin tietosis\u00e4lt\u00f6<br \/>\nRekisteri voi sis\u00e4lt\u00e4\u00e4 seuraavan ryhmittelyn mukaiset tiedot asiakkaista:<\/p>\n<ul>\n<li>Etu- ja sukunimi<\/li>\n<li>S\u00e4hk\u00f6postiosoite<\/li>\n<li>Matkapuhelinnumero<\/li>\n<li>Yritys<\/li>\n<li>Yrityksen osoitetiedot<\/li>\n<\/ul>\n<p>6. Rekisterin s\u00e4\u00e4nn\u00f6nmukaiset tietol\u00e4hteet<br \/>\nRekisteri koostetaan Oy Communication Pro Ab:n asiakastietoj\u00e4rjestelm\u00e4st\u00e4 ja tietoja pidet\u00e4\u00e4n yll\u00e4 manuaalisella p\u00e4ivityksell\u00e4. Rekisterinpit\u00e4j\u00e4n oma toiminta, esimerkiksi (muttei rajoittuen) tapaamiset, s\u00e4hk\u00f6iset ilmoittautumiset. Asiakkaan nimi- ja osoitetietoja voidaan p\u00e4ivitt\u00e4\u00e4 my\u00f6s muista l\u00e4hteist\u00e4, kuten esimerkiksi V\u00e4est\u00f6rekisterist\u00e4. Asiakasrekisterin yhteys- ja muut asiakkuustiedot saadaan asiakassuhteen syntyess\u00e4 ja sen aikana asiakkaan rekisterinpit\u00e4j\u00e4lle tekemist\u00e4 ilmoituksista. Asiakassuhde katsotaan alkaneeksi, kun asiakas<br \/>\n1) kysyy tarjousta tuotesivulla tai ottaa yhteytt\u00e4<br \/>\n2) tilaa uutiskirjeen tai tilaa tuotteita<br \/>\n3) k\u00e4ytt\u00e4j\u00e4lt\u00e4 itselt\u00e4\u00e4n rekister\u00f6innin yhteydess\u00e4 tai sen j\u00e4lkeen<br \/>\n4) k\u00e4ytt\u00e4j\u00e4n verkkopalvelussa tekemist\u00e4 toimista automaattisesti kertyv\u00e4st\u00e4 datasta<\/p>\n<p>7. S\u00e4\u00e4nn\u00f6nmukaiset tietojen luovutukset<br \/>\nRekisterinpit\u00e4j\u00e4 ei luovuta Asiakkaiden henkil\u00f6tietoja kolmansille osapuolille, paitsi Suomen viranomaistoimien niin edellytt\u00e4ess\u00e4. Communication pro voi siirt\u00e4\u00e4 tietoja omissa tietoj\u00e4rjestelmiss\u00e4\u00e4n j\u00e4rjestelm\u00e4st\u00e4 toiseen. Tietoja ei luovuteta s\u00e4\u00e4nn\u00f6nmukaisesti. Niiss\u00e4 tapauksissa kun tietoja luovutetaan perustuu se rekister\u00f6idyn k\u00e4ytt\u00e4j\u00e4n antamaan suostumukseen.<\/p>\n<p>8. Tietojen siirto EU-alueen tai ETA-alueen ulkopuolelle<br \/>\nTietoja siirret\u00e4\u00e4n henkil\u00f6tietolain sallimissa rajoissa EU:n tai ETA:n ulkopuolelle. Tietojen k\u00e4sittelemisess\u00e4 k\u00e4ytett\u00e4v\u00e4t palvelimet ja muut tekniset apuv\u00e4lineet voivat olla rekisterinpit\u00e4j\u00e4n k\u00e4ytt\u00e4m\u00e4n ulkopuolisen palveluntarjoajan omistuksessa ja hallinnassa. Tiedot sijaitsevat palveluntarjoajasta riippuen Suomessa tai Suomen rajojen ulkopuolella Communication Pro:n k\u00e4ytt\u00e4mien palveluiden omistajien tietovarastoissa. Ne voivat my\u00f6s olla EU:n tai ETA:n ulkopuolella. Tiedot jotka siirtyv\u00e4t Yhdysvaltoihin ovat Privacy Shield j\u00e4rjestelyn mukaiset.<\/p>\n<p>9. Tietojen poistaminen<br \/>\nTietoja voidaan poistaa Asiakkaan vaatimuksesta tai asiakassuhteen loppumisen vuoksi. Aineisto h\u00e4vitet\u00e4\u00e4n heti sen tultua tarpeettomaksi tietosuojan varmistavalla tavalla.<\/p>\n<p>10. Rekisterin tietoturva ja suojauksen periaatteet<br \/>\nHenkil\u00f6tiedot s\u00e4ilytet\u00e4\u00e4n luottamuksellisina. Manuaalinen aineisto s\u00e4ilytet\u00e4\u00e4n lukitussa tilassa ja on saatavilla ainoastaan tietoon oikeutetuille. Oy Communication Pro Ab:n tietoverkko ja laitteisto, jolla rekisteri sijaitsee, on suojattu palomuurilla ja muilla tarvittavilla teknisill\u00e4 toimenpiteill\u00e4. Asiakasrekisteri on suojattu ulkopuoliselta k\u00e4yt\u00f6lt\u00e4 ja rekisterin k\u00e4ytt\u00f6\u00e4 valvotaan. Palveluiden palvelinymp\u00e4rist\u00f6in\u00e4 k\u00e4ytett\u00e4vilt\u00e4 pilviymp\u00e4rist\u00f6ill\u00e4 on asianmukaiset tietoturvasertifioinnit.<\/p>\n<p>Sovellusten ja sivujen toteutuksessa on hy\u00f6dynnetty teknist\u00e4 tietosuojaa, jolla pyrit\u00e4\u00e4n huolehtimaan siit\u00e4, ett\u00e4 sy\u00f6tetyt tiedot s\u00e4ilyv\u00e4t muuttumattomina ja ovat saatavilla vain tietoon oikeutetuille.<\/p>\n<p>Ainoastaan Communication Pro:n henkil\u00f6t, joiden ty\u00f6teht\u00e4v\u00e4t edellytt\u00e4v\u00e4t rekisteriss\u00e4 olevien tietojen k\u00e4sittely\u00e4, on k\u00e4ytt\u00e4j\u00e4tunnuksen ja salasanan avulla p\u00e4\u00e4sy j\u00e4rjestelm\u00e4\u00e4n. Rekisterin tietoja k\u00e4sittelev\u00e4t henkil\u00f6t ovat lakis\u00e4\u00e4teisen salassapitovelvollisuuden alaisia ja\/tai ovat allekirjoittaneet asiaa koskevan vaitiolositoumuksen.<\/p>\n<p>11. Tarkastusoikeus<br \/>\nRekister\u00f6idyll\u00e4 on henkil\u00f6tietolain 26 \u00a7:n mukaisesti oikeus tarkastaa, mit\u00e4 h\u00e4nt\u00e4 koskevia tietoja henkil\u00f6rekisteriin on talletettu. Tarkastuspyynt\u00f6 tulee l\u00e4hett\u00e4\u00e4 kirjallisesti ja allekirjoitettuna osoitteella:<br \/>\nOy Communication Pro Ab<br \/>\nAhventie 4 A 20 \/ Rekisteriselosteet<br \/>\n02170 Espoo<br \/>\nTai s\u00e4hk\u00f6isesti osoitteeseen:<br \/>\ninfo@communicationpro.com.<br \/>\nTarkastuspyynn\u00f6ss\u00e4 tulee yksil\u00f6id\u00e4, mink\u00e4 palvelun osalta tarkastuspyynt\u00f6 esitet\u00e4\u00e4n.<\/p>\n<p>12. Korjausoikeus<br \/>\nJokaisella on oikeus vaatia rekisteriss\u00e4 olevan virheellisen henkil\u00f6tiedon korjaamista. Korjausvaatimus on esitett\u00e4v\u00e4 rekisterinpit\u00e4j\u00e4lle kirjallisesti allekirjoitetulla asiakirjalla kirjeitse tai s\u00e4hk\u00f6postitse.<br \/>\nOsoitteet:<br \/>\nOy Communication Pro Ab<br \/>\ninfo@communicationpro.com<br \/>\nAhventie 4 A 20<br \/>\n02170 Espoo Finland<br \/>\npuh. +358 96877300<\/p>\n<p>Korjausvaatimuksessa tulee yksil\u00f6id\u00e4, mink\u00e4 palvelun osalta tarkastuspyynt\u00f6 esitet\u00e4\u00e4n.<\/p>\n<p>13. Kielto-oikeus<br \/>\nRekister\u00f6idyll\u00e4 on oikeus kielt\u00e4\u00e4 rekisterinpit\u00e4j\u00e4\u00e4 k\u00e4sittelem\u00e4st\u00e4 h\u00e4nt\u00e4 itse\u00e4\u00e4n koskevia tietoja suoramainontaa ja muuta markkinointia varten.<br \/>\nKieltopyynt\u00f6 on esitett\u00e4v\u00e4 rekisterinpit\u00e4j\u00e4lle kirjallisesti allekirjoitetulla asiakirjalla kirjeitse tai s\u00e4hk\u00f6postitse.<br \/>\nOsoitteet: katso kohta 13.<br \/>\nKieltopyynn\u00f6ss\u00e4 tulee yksil\u00f6id\u00e4, mink\u00e4 palvelun osalta tarkastuspyynt\u00f6 esitet\u00e4\u00e4n. Suoramarkkinointikielto tallennetaan asiakkaan rekisterinpit\u00e4j\u00e4lle erillisest\u00e4 ilmoituksesta.<\/p>\n<p>14. Ev\u00e4steet<br \/>\nK\u00e4yt\u00e4mme sivuillamme ja uutiskirjeiss\u00e4mme \u201ccookie\u201d toimintoa eli ev\u00e4steit\u00e4. Emme k\u00e4yt\u00e4 ev\u00e4steit\u00e4 vierailijoiden henkil\u00f6tietojen ker\u00e4\u00e4miseen.<\/p>\n<p>T\u00e4ss\u00e4 k\u00e4yt\u00e4nn\u00f6ss\u00e4 \u201cev\u00e4steet\u201d viittaavat ev\u00e4steisiin tai vastaaviin tekniikoihin, jotka sis\u00e4ltyv\u00e4t s\u00e4hk\u00f6isen viestinn\u00e4n yksityisyytt\u00e4 k\u00e4sittelev\u00e4\u00e4n EU-direktiivin.<\/p>\n<p>Sivustolla k\u00e4ytet\u00e4\u00e4n ev\u00e4steit\u00e4 Communication Pro:n palveluiden, kuten verkkokaupan toteuttamiseksi, palveluiden kehitt\u00e4miseksi, sivuston k\u00e4ytt\u00f6kokemuksen parantamiseksi sek\u00e4 markkinoinnin kohdentamiseen.<\/p>\n<p>Mik\u00e4 ev\u00e4ste on?<br \/>\nEv\u00e4ste (cookies) on k\u00e4ytt\u00e4j\u00e4n omalle tietokoneelle l\u00e4hetett\u00e4v\u00e4 ja siell\u00e4 s\u00e4ilytett\u00e4v\u00e4 tekstitiedosto. Ev\u00e4steet eiv\u00e4t vahingoita k\u00e4ytt\u00e4jien tietokoneita tai tiedostoja. Ev\u00e4steiden avulla ker\u00e4t\u00e4\u00e4n mm. seuraavia tietoja: ladatut sivut, selaintyyppi, k\u00e4ytt\u00f6j\u00e4rjestelm\u00e4, ajankohta.<br \/>\nVoit halutessasi poistaa ev\u00e4steet k\u00e4yt\u00f6st\u00e4 selaimen asetuksista. Jos toiminto kytket\u00e4\u00e4n pois, voi t\u00e4m\u00e4 johtaa siihen, ett\u00e4 joidenkin palveluiden toiminta hidastuu tai p\u00e4\u00e4sy joillekin verkkosivuille estyy kokonaan. Esim. asioidessasi verkkokaupassa ev\u00e4steiden k\u00e4yt\u00f6n tulee olla mahdollistettu.<\/p>\n<p>Verkkosivuston analysointi<br \/>\nK\u00e4yt\u00e4mme sivustolla ev\u00e4steit\u00e4 palveluiden toteuttamiseksi, markkinoinnin kohdentamiseen sek\u00e4 k\u00e4ytt\u00e4j\u00e4kokemuksen parantamiseksi.[\/vc_column_text][\/vc_column][vc_column width=&#8221;1\/4&#8243;][vc_column_text]\n[\/vc_column_text][\/vc_column][\/vc_row]\n<\/div>","protected":false},"excerpt":{"rendered":"<p>[vc_row][vc_column width=&#8221;1\/4&#8243;][vc_column_text] [\/vc_column_text][\/vc_column][vc_column width=&#8221;1\/2&#8243;][vc_column_text]Henkil\u00f6tietolain (523\/99) 10 \u00a7:n mukainen rekisteriseloste EU:n yleinen tietosuoja-asetus (EU)2016\/679 REKISTERISELOSTE 1. Rekisterinpit\u00e4j\u00e4 Oy Communication Pro Ab Ahventie 4 A 20 02170 Espoo Finland puh. +358 96877300 2. Rekisteriasiat Asiakaspalvelumme vastaa rekisteri\u00e4 koskeviin kysymyksiin ja palautteisiin. Rekisteriseloste on viimeksi p\u00e4ivitetty 22.5.2018. 3. Rekisterin nimi Oy Communication Pro Ab:n asiakas ja markkinointirekisteri 4. [&hellip;]<\/p>\n","protected":false},"author":1,"featured_media":0,"parent":0,"menu_order":0,"comment_status":"closed","ping_status":"closed","template":"","meta":{"footnotes":""},"class_list":["post-12969","page","type-page","status-publish","hentry"],"_links":{"self":[{"href":"https:\/\/cloud.virtualmagnet.eu\/fi\/wp-json\/wp\/v2\/pages\/12969","targetHints":{"allow":["GET"]}}],"collection":[{"href":"https:\/\/cloud.virtualmagnet.eu\/fi\/wp-json\/wp\/v2\/pages"}],"about":[{"href":"https:\/\/cloud.virtualmagnet.eu\/fi\/wp-json\/wp\/v2\/types\/page"}],"author":[{"embeddable":true,"href":"https:\/\/cloud.virtualmagnet.eu\/fi\/wp-json\/wp\/v2\/users\/1"}],"replies":[{"embeddable":true,"href":"https:\/\/cloud.virtualmagnet.eu\/fi\/wp-json\/wp\/v2\/comments?post=12969"}],"version-history":[{"count":1,"href":"https:\/\/cloud.virtualmagnet.eu\/fi\/wp-json\/wp\/v2\/pages\/12969\/revisions"}],"predecessor-version":[{"id":21062,"href":"https:\/\/cloud.virtualmagnet.eu\/fi\/wp-json\/wp\/v2\/pages\/12969\/revisions\/21062"}],"wp:attachment":[{"href":"https:\/\/cloud.virtualmagnet.eu\/fi\/wp-json\/wp\/v2\/media?parent=12969"}],"curies":[{"name":"wp","href":"https:\/\/api.w.org\/{rel}","templated":true}]}}