{"id":13507,"date":"2018-01-25T16:10:56","date_gmt":"2018-01-25T14:10:56","guid":{"rendered":"https:\/\/cloud.virtualmagnet.eu\/?page_id=13507"},"modified":"2024-03-21T14:49:39","modified_gmt":"2024-03-21T12:49:39","slug":"magnet-e-publishing-sopimusehdot","status":"publish","type":"page","link":"https:\/\/cloud.virtualmagnet.eu\/fi\/magnet-e-publishing-sopimusehdot\/","title":{"rendered":"MagNet e-Publishing sopimusehdot"},"content":{"rendered":"<div class=\"wpb-content-wrapper\">[vc_row][vc_column width=&#8221;1\/6&#8243;][\/vc_column][vc_column width=&#8221;2\/3&#8243;][vc_empty_space height=&#8221;52px&#8221;][vc_column_text]\n<h1>MagNet e-Publishing sopimusehdot<\/h1>\n[\/vc_column_text][vc_empty_space][vc_column_text]<strong>1. Sopimusehtojen soveltaminen ja voimassaolo<\/strong><br \/>\nN\u00e4it\u00e4 sopimus ehtoja sovelletaan Communication Pro Oy:n (j\u00e4ljemp\u00e4n\u00e4 palveluntarjoaja) ja sopimuksen tekev\u00e4 osapuoli (j\u00e4ljemp\u00e4n\u00e4 asiakas) toimittamiin tuotteisiin ja palveluihin. N\u00e4m\u00e4 ehdot astuvat voimaan 1.1.2024 ja ovat voimassa toistaiseksi, korvaten aiemmat sopimusehdot.<\/p>\n<p><strong>2. Sopimuksen kohde<\/strong><br \/>\nSopimuksella sovitaan Asiakkaan tilaamasta tuotteesta tai palvelusta jonka palveluntarjoaja asiakkaalle toimittaa. Palveluntarjoajan\u00a0palveluiden k\u00e4ytt\u00e4miseen liittyv\u00e4t muiden yritysten palvelut kuten esimerkiksi asiakkaan internet-yhteydet eiv\u00e4t kuulu palveluntarjoajan\u00a0vastuun piiriin.<\/p>\n<p><strong>3. Sopimuksen syntyminen ja siirt\u00e4minen<\/strong><br \/>\nSopimus syntyy, kun asiakas tilaa palvelun ja palveluntarjoaja on vahvistanut tilauksen. Vahvistus tehd\u00e4\u00e4n p\u00e4\u00e4s\u00e4\u00e4nt\u00f6isesti s\u00e4hk\u00f6isesti,\u00a0mutta muita tapoja voidaan k\u00e4ytt\u00e4\u00e4, jos asiasta sovitaan etuk\u00e4teen. Asiakkaalla ei ole lupaa siirt\u00e4\u00e4 sopimusta kolmannelle osapuolelle\u00a0ilman palveluntarjoajan antamaa kirjallista suostumusta.<br \/>\nPalvelun tarjoajalla on oikeus siirt\u00e4\u00e4 sopimusta ja\/tai palvelut kolmannelle osapuolelle sek\u00e4 muuttaa\u00a0sopimuksen ja\/tai palvelukuvauksen sis\u00e4lt\u00f6\u00e4.<\/p>\n<p><strong>4. Luottotietojen tarkistaminen<\/strong><br \/>\nPalveluntarjoajalla on oikeus tarkistaa asiakkaan luottotiedot ja harkintansa mukaan vaatia asiakkaalta\u00a0palvelusta ennakkomaksu ennen palvelun avaamista. Palveluntarjoajalla on oikeus peri\u00e4 er\u00e4\u00e4ntyneet\u00a0saatavansa viiv\u00e4styskorkoineen ja perimiskuluineen.<\/p>\n<p><strong>5. Sopimuskauden pituus ja sopimuksen purku<\/strong><br \/>\nSopimuskauden pituus on sama kuin palveluun valitun laskutuskauden pituus. Sopimus jatkuu\u00a0automaattisesti kauden loputtua samanmittaisella sopimuskaudella kuin ensimm\u00e4inen laskutuskauden pituus on, mik\u00e4li sit\u00e4 ei ole\u00a0irtisanottu.<\/p>\n<p>Sopimus voidaan irtisanoa kulloinkin kuluvan laskutuskauden loppuun, ei kuitenkaan keskelle sit\u00e4.<br \/>\nIrtisanominen on teht\u00e4v\u00e4 kolme (3) kuukautta ennen laskutuskauden loputtua kirjallisesti tai sovittaessa\u00a0s\u00e4hk\u00f6isesti.<\/p>\n<p>Asiakkaalla on kuitenkin oikeus purkaa sopimus irtisanomisaikaa noudattamatta, mik\u00e4li sovittuja palveluita ei voida yll\u00e4pit\u00e4\u00e4. T\u00e4m\u00e4 ei\u00a0kuitenkaan koske satunnaisia katkoja, jotka aiheutuvat internet-verkosta, ohjelmistop\u00e4vityksist\u00e4 tai palvelinkoneiden yll\u00e4pitot\u00f6ist\u00e4 tai\u00a0laiteviasta, joka saadaan korjattua kohtuullisessa ajassa.<\/p>\n<p>Palveluntarjoaja varaa oikeuden irtisanoa palvelu v\u00e4litt\u00f6m\u00e4sti ilman irtisanomisaikaa, mik\u00e4li asiakas rikkoo sopimusehtoja tai palvelun\u00a0tuottamista ei voida jatkaa ulkopuolisen tekij\u00e4n vuoksi (esimerkiksi\u00a0viranomaism\u00e4\u00e4r\u00e4ykset tai muu force majeure \u2013tilanne). T\u00e4ll\u00f6in palveluntarjoajalla on oikeus pid\u00e4tt\u00e4\u00e4 ennakkomaksu tai sen osa taikka veloittaa maksu jo asiakkaan tilaaman palvelun hyv\u00e4ksi tehdyst\u00e4 ty\u00f6st\u00e4 sek\u00e4 siit\u00e4 aiheutuneista kuluista\/kustannuksista palveluntarjoajan kulloinkin voimassaolevan hinnaston mukaisesti.<\/p>\n<p><strong>6. Hinnastot, maksut ja laskutus<\/strong><br \/>\nAsiakas maksaa palveluntarjoajalle palvelusta tilauksen yhteydess\u00e4 sovitun laskutuskauden mittaisissa jaksoissa. Laskut l\u00e4hetet\u00e4\u00e4n\u00a0asiakkaan ilmoittamaan postiosoitteeseen (s\u00e4hk\u00f6postitse ja\/tai normaalilla postina). Asiakas maksaa laskusta niiden er\u00e4p\u00e4iv\u00e4\u00e4n\u00a0menness\u00e4.<\/p>\n<p>Palveluntarjoajalla on oikeus irtisanoa palvelu, mik\u00e4li maksua ei ole suoritettu er\u00e4p\u00e4iv\u00e4\u00e4n menness\u00e4.<br \/>\nPalveluntarjoaja varaa oikeuden my\u00f6s irtisanoa palvelu ilman irtisanomisaikaa, mik\u00e4li maksua ei suoriteta v\u00e4litt\u00f6m\u00e4sti huomautuksen\u00a0j\u00e4lkeen.<\/p>\n<p>Palvelun tarjoajalla on oikeus peri\u00e4 viiv\u00e4styneist\u00e4 suorituksista korkolain mukainen viiv\u00e4styskorko sek\u00e4\u00a0kulloinkin voimassa olevan hinnaston mukainen maksukehotusmaksu sek\u00e4 maksun viiv\u00e4stymisen johdosta suljetun palvelun\u00a0uudelleenavausmaksu. Asiakas on velvollinen korvaamaan my\u00f6s maksujensa laiminly\u00f6nnist\u00e4 mahdollisesti aiheutuvat\u00a0perint\u00e4toimistojen palkkiot ja muut oikeudelliset kulut.<\/p>\n<p><strong>7. Palvelun toimittaminen<\/strong><br \/>\nPalveluntarjoaja on velvollinen toimittamaan tilatun palvelun ja asiakas on velvollinen toimittamaan kaiken palvelun toimittamiseksi\u00a0tarvittavan tiedon sovittuna aikana. Toimitusaika katsotaan alkavaksi siit\u00e4 p\u00e4iv\u00e4st\u00e4 kun asiakas toimittaa palvelun toimittamiseen\u00a0tarvittavat tiedot. Palveluun liittyvien osa-alueiden (kuten verkkotunnuksen rekister\u00f6inti tai siirto) toimitus voi viiv\u00e4sty\u00e4 palveluntarjoajasta\u00a0riippumattomista syist\u00e4.<\/p>\n<p>Palveluntarjoaja pyrkii tiedottamaan mahdollisuuksien mukaan asiakkaalle aiheutuvista viiv\u00e4styksist\u00e4.<br \/>\nLis\u00e4ksi asiakas hyv\u00e4ksyy toimituksen, ellei h\u00e4n reklamoi siit\u00e4 kirjallisesti v\u00e4litt\u00f6m\u00e4sti (tai s\u00e4hk\u00f6isesti jos sovittu). Asiakas on velvollinen<br \/>\nkorvaamaan toimituksesta aiheutuneet kulut, vaikka sopimus purettaisiin.<\/p>\n<p><strong>8. Palvelun sis\u00e4lt\u00f6 ja tuottaminen, asiakkaan oikeudet ja velvollisuudet<\/strong><br \/>\nPalveluntarjoaja voi tuottaa sopimuksen mukaisen palvelun haluamallaan tavalla. Palveluntarjoaja varaa oikeuden muuttaa palvelun\u00a0sis\u00e4lt\u00f6\u00e4, tiedottaen siit\u00e4 kuitenkin etuk\u00e4teen. Asiakkaan pyynn\u00f6st\u00e4 tehdyist\u00e4 muutoksista veloitetaan normaali toimenpidemaksu\u00a0kulloinkin voimassa olevan hinnaston mukaisesti.<\/p>\n<p>Palveluntarjoajalla on oikeus muuttaa palvelun sis\u00e4lt\u00f6\u00e4 my\u00f6s tiedottamatta t\u00e4st\u00e4 etuk\u00e4teen, mik\u00e4li t\u00e4m\u00e4 on tarpeen esimerkiksi\u00a0tietoturva- tai muista syist\u00e4. T\u00e4ll\u00f6in tehdyst\u00e4 muutoksesta pyrit\u00e4\u00e4n tiedottamaan mahdollisimman nopeasti j\u00e4lkik\u00e4teen.<\/p>\n<p>Palvelun sis\u00e4lt\u00f6 m\u00e4\u00e4r\u00e4ytyy palvelukuvauksen ja sen mukana seuraavien mahdollisten liitteiden mukaan.<br \/>\nAsiakkaalla on oikeus k\u00e4ytt\u00e4\u00e4 palvelun levytilaa vain oman yrityksen \/ yhteis\u00f6n tai henkil\u00f6kohtaisen\u00a0materiaalin s\u00e4ilytykseen internet-k\u00e4ytt\u00f6\u00e4 (jatkossa &#8221;sivusto&#8221;) varten. Materiaali ei saa loukata ket\u00e4\u00e4n eik\u00e4 se saa olla Suomen lain tai\u00a0hyvien tapojen vastaista.<\/p>\n<p>Palveluntarjoaja varaa oikeuden poistaa materiaalia, mik\u00e4li se katsoo materiaalin rikkovan n\u00e4it\u00e4 ehtoja.<br \/>\nLevytilan koko on rajoitettu palvelukuvauksessa. Mik\u00e4li levytilan k\u00e4ytt\u00f6 ylitt\u00e4\u00e4 m\u00e4\u00e4ritellyn rajan, varaa\u00a0Palveluntarjoaja oikeuden est\u00e4\u00e4 asiakkaalta levytilan k\u00e4ytt\u00f6.<\/p>\n<p>Palveluntarjoaja ei vastaa mist\u00e4\u00e4n materiaalista, johon asiakas p\u00e4\u00e4see palvelun kautta k\u00e4siksi. Asiakas on itse velvollinen huolehtimaan\u00a0siit\u00e4, ett\u00e4 h\u00e4nen k\u00e4ytt\u00e4m\u00e4ns\u00e4 ohjelmistot ovat ajantasalla ja esimerkiksi virustorjunnasta.<\/p>\n<p>Asiakas vastaa t\u00e4ysin palvelun ja sivustonsa kautta toisille k\u00e4ytt\u00e4jille, Palveluntarjoajan tai kolmansien\u00a0osapuolien palvelimille toimitetusta materiaalista. Asiakas vastaa siit\u00e4, ett\u00e4 materiaali ei aiheuta h\u00e4iri\u00f6it\u00e4 verkkoliikenteeseen, eik\u00e4\u00a0loukkaa kolmansien osapuolien tekij\u00e4noikeuksia, riko lakia tai viranomaism\u00e4\u00e4r\u00e4yksi\u00e4 eik\u00e4 ole hyvien tapojen vastaista. Palveluntarjoaja varaa oikeuden poistaa materiaalia, joka rikkoo\u00a0sopimusehtoja. Asiakas tallentaa palveluun kaiken materiaalin omalla vastuullaan.<br \/>\nAsiakkaan on korvattava Palveluntarjoajalle ja kolmansille osapuolille mahdollisista v\u00e4\u00e4rink\u00e4yt\u00f6ksist\u00e4\u00a0aiheutuneet tutkinta-, korjaus ja\/tai muut kulut. Asiakas vapauttaa palveluntarjoajan sek\u00e4 sen ty\u00f6ntekij\u00e4t kaikista mahdollisista\u00a0seuraamuksista, joita asiakkaan toimet tai toiminta verkossa tai muuten t\u00e4m\u00e4n palvelun nojalla mahdollisesti aiheuttavat.<\/p>\n<p>Asiakas vastaa siit\u00e4, ett\u00e4 h\u00e4nen toimintansa tietoverkossa noudattaa lakia ja hyvi\u00e4 tapoja. Palveluntarjoajan tai kolmansien osapuolien\u00a0palvelimien ja palveluiden luvaton k\u00e4ytt\u00f6 tai k\u00e4yt\u00f6n yritys on kielletty. Asiakkaan harjoittama mahdollisten tietoturvareikien etsint\u00e4 ja\u00a0v\u00e4\u00e4rink\u00e4ytt\u00f6 on ehdottomasti kielletty\u00e4 ja johtaa v\u00e4litt\u00f6m\u00e4sti sopimuksen purkamiseen sek\u00e4 mahdollisiin korvauksiin.<\/p>\n<p>Asiakas ei saa k\u00e4ytt\u00e4\u00e4 palvelua lain tai hyvien tapojen vastaiseen suoramarkkinointiin s\u00e4hk\u00f6postitse eik\u00e4 mainostaa palveluaan\u00a0uutisryhmiss\u00e4, keskustelufoorumeissa tai muissa paikoissa, joissa se on kielletty.<\/p>\n<p>Asiakas vastaa siit\u00e4, ett\u00e4 h\u00e4nell\u00e4 on ajantasaiset turvakopiot sivustostaan ja s\u00e4hk\u00f6posteistaan, sek\u00e4 muista palveluun tallennetusta\u00a0materiaalista. Palveluntarjoaja ei takaa tiedon s\u00e4ilymist\u00e4 palvelussa.<br \/>\nMik\u00e4li asiakkaan internet-liikenne tai serveriresurssien k\u00e4ytt\u00f6 olennaisesti poikkeaa tavanomaisesta tai\u00a0palvelukuvauksen mukaisesta, on Palveluntarjoajalla oikeus tarkastaa palvelusta peritt\u00e4v\u00e4\u00e4 hintaa k\u00e4ytt\u00f6\u00e4 vastaavaksi. T\u00e4m\u00e4 sovitaan\u00a0tapauskohtaisesti asiakkaan kanssa. Palveluntarjoaja varaa oikeuden priorisoida liikennett\u00e4 t\u00e4llaisissa tapauksissa. Palveluun liittyv\u00e4st\u00e4\u00a0tai sen kautta teht\u00e4v\u00e4st\u00e4 suurten tiedostojen levityksest\u00e4 tai muusta normaalia kotisivuk\u00e4ytt\u00f6\u00e4 huovattavasti enemm\u00e4n kuormittavasta\u00a0toiminnasta on aina sovittava etuk\u00e4teen Palveluntarjoajan kanssa.<\/p>\n<p>Palveluntarjoajan vastuu palveluiden tuottamisesta rajoittuu enint\u00e4\u00e4n perittyyn kuluvan kuukauden maksuun.<br \/>\nPalveluntarjoaja ei vastaa v\u00e4lillisist\u00e4 vahingoista, joita asiakkaalle voi aiheutua teknisist\u00e4 tai muista syist\u00e4.<br \/>\nPalveluntarjoaja varaa oikeuden est\u00e4\u00e4 teknisin keinoin sopimuksenvastainen toiminta.<\/p>\n<p>Asiakas ei miss\u00e4\u00e4n tilanteessa saa luovuttaa k\u00e4ytt\u00e4j\u00e4tunnuksiaan kolmannen osapuolen k\u00e4ytt\u00f6\u00f6n. Asiakas vastaa kaikesta tunnuksella\u00a0tehdyst\u00e4 ja on velvollinen korvaamaan v\u00e4\u00e4rink\u00e4yt\u00f6ksist\u00e4 aiheutuneet tutkinta- ja korjauskulut.<\/p>\n<p>Asiakas on my\u00f6s velvollinen lukemaan palvelua ja siihen mahdollisesti tulevia muutoksia koskevat\u00a0Palveluntarjoajan toimittamat tiedotteet sek\u00e4 toimimaan niiden mukaisesti. Tiedotteet voidaan julkaista\u00a0palveluntarjoajan web-sivuilla tai toimittaa asiakkaalle muulla tavalla.<\/p>\n<p><strong>9. Palvelun virheet, havaittujen virheiden korjaus sek\u00e4 mahdolliset hyvitykset<\/strong><br \/>\nPalvelussa katsotaan olevan virhe, jos se olennaisesti poikkeaa palvelukuvauksen m\u00e4\u00e4rittelemist\u00e4\u00a0ominaisuuksista ja poikkeama olennaisesti haittaa palvelun k\u00e4ytt\u00f6\u00e4.<\/p>\n<p>Asiakas on velvollinen ilmoittamaan virheest\u00e4 heti sen huomattuaan. Palvelujen toimintaa valvotaan ja\u00a0mahdolliset virheet korjataan niin pian kuin mahdollista, kuitenkin noudattaen palvelukuvauksessa\u00a0mahdollisesti m\u00e4\u00e4riteltyj\u00e4 erityisehtoja korjausaikataulusta. Virka-ajan ulkopuolella kiireellisist\u00e4 korjaust\u00f6ist\u00e4 sovitaan erikseen.<\/p>\n<p>Palveluntarjoaja varaa oikeuden keskeytt\u00e4\u00e4 palvelun tuottaminen tilap\u00e4isesti, mik\u00e4li se on tarpeellista\u00a0korjaus-, huolto-, ohjelmistop\u00e4ivitysten tai muiden t\u00f6iden vuoksi. Palveluntarjoaja pyrkii minimoimaan katkoksen keston ja tiedottamaan\u00a0siit\u00e4 asiakkaalle mahdollisuuksien mukaan etuk\u00e4teen.<\/p>\n<p>Palveluntarjoaja varaa oikeuden olla korjaamatta virhett\u00e4, joka on aiheutunut asiakkaan omasta toiminnasta, esimerkiksi\u00a0v\u00e4\u00e4rink\u00e4yt\u00f6ksist\u00e4 tai palvelun virheellisest\u00e4 k\u00e4yt\u00f6st\u00e4.<br \/>\nPalveluntarjoaja ei vastaa kolmansien osapuolien verkoissa esiintyvist\u00e4 ongelmista tai muista virheist\u00e4.<\/p>\n<p>Palveluntarjoaja ei vastaa konsulttivirheist\u00e4. Palveluntarjoaja ei vastaa kolmansien osapuolien ohjelmistoissa esiintyvist\u00e4 ongelmista tai\u00a0muista virheist\u00e4.<br \/>\nPalveluntarjoaja ei vastaa virheist\u00e4 tai toimintakatkoista, jotka aiheutuvat ylivoimasta esteest\u00e4 (force\u00a0majeure) tai kolmannen osapuolen toimista.<br \/>\nMahdollisessa virhetilanteessa asiakkaan on reklamoitava kahdeksan (8) p\u00e4iv\u00e4n kuluessa kirjallisesti.<br \/>\nPalveluntarjoajan vastuu rajoittuu enint\u00e4\u00e4n kuluvan kuukauden palvelumaksuihin.<\/p>\n<p>T\u00e4m\u00e4 sopimus s\u00e4\u00e4ntelee tyhjent\u00e4v\u00e4sti palveluntarjoajan vahingonkorvausvastuun sek\u00e4 vastuun\u00a0sopimusrikkomuksen johdosta<\/p>\n<p><strong>10. K\u00e4ytt\u00e4j\u00e4tunnukset ja salasanat<\/strong><br \/>\nPalveluntarjoaja toimittaa asiakkaalle tilausvahvistuksen yhteydess\u00e4 k\u00e4ytt\u00e4j\u00e4tunnukset ja salasanat palvelun k\u00e4ytt\u00f6\u00e4 varten.<br \/>\nPalveluntarjoaja varaa oikeuden valita k\u00e4ytt\u00e4j\u00e4lle sopiva k\u00e4ytt\u00e4j\u00e4tunnus. Salasanat tuotetaan satunnaisesti.<\/p>\n<p>Asiakas voi pyyt\u00e4\u00e4 Palveluntarjoajaa vaihtamaan salasanaa tai k\u00e4ytt\u00e4j\u00e4tunnusta. T\u00e4st\u00e4 veloitetaan kulloinkin voimassa olevan\u00a0hinnaston mukainen toimenpidemaksu.<\/p>\n<p>Palveluntarjoaja varaa oikeuden muuttaa k\u00e4ytt\u00e4j\u00e4tunnuksia tai salasanoja tarpeen vaatiessa, ilmoittaen t\u00e4st\u00e4 asiakkaalle.<\/p>\n<p>Asiakas vastaa siit\u00e4, ett\u00e4 salasana ja k\u00e4ytt\u00e4j\u00e4tunnus eiv\u00e4t p\u00e4\u00e4se kolmansien osapuolien k\u00e4siin.<br \/>\nK\u00e4ytt\u00e4j\u00e4tunnus on henkil\u00f6kohtainen ja asiakas vastaa kaikesta sill\u00e4 tehdyst\u00e4 sek\u00e4 v\u00e4\u00e4rink\u00e4yt\u00f6sten\u00a0aiheuttamista tutkinta- ja\/tai korjauskuluista.<\/p>\n<p><strong>11. Asiakastiedot<\/strong><br \/>\nAsiakkaan velvollisuus on toimittaa Palveluntarjoajalle palvelun tilauksen yhteydess\u00e4 oikeat tiedot. Mik\u00e4li tiedot eiv\u00e4t ole oikeat tai ne\u00a0ovat puutteelliset Palveluntarjoaja varaa oikeuden olla toimittamatta palvelua. Asiakkaan tulee ilmoittaa mahdollisista muutoksista\u00a0k\u00e4ytt\u00e4j\u00e4tietoihin mahdollisimman pian.<\/p>\n<p><strong>12. Palvelun sulkeminen<\/strong><br \/>\nAsiakas voi pyyt\u00e4\u00e4 Palveluntarjoajaa sulkemaan palvelun. Sulkemisesta ja uudelleen avaamisesta voidaan veloittaa kulloinkin voimassa\u00a0olevan hinnaston mukainen maksu.<\/p>\n<p>Palveluntarjoajalla on oikeus sulkea asiakkaalle tarjottu palvelu, jos asiakas ei ole maksanut laskua\u00a0er\u00e4p\u00e4iv\u00e4\u00e4n menness\u00e4, rikkoo sopimusehtoja, on haettu selvitystilaan tai konkurssiin tai h\u00e4net on todettu maksukyvytt\u00f6m\u00e4ksi, asiakkaan\u00a0ilmoittamat tiedot eiv\u00e4t ole oikeat tai asiakasta ei tavoiteta h\u00e4nen ilmoittamiensa yhteystietojen perusteella.<\/p>\n<p><strong>13. Muut ehdot ja salassapito<\/strong><br \/>\nSopimus on Palveluntarjoajan ja asiakkaan v\u00e4linen. Asiakas sitoutuu pit\u00e4m\u00e4\u00e4n luottamuksellisena kaikki sopimukseen, palveluun ja\/tai\u00a0sen hinnoitteluun liittyv\u00e4t tiedot. Asiakas vastaa siit\u00e4, ett\u00e4 h\u00e4nen\u00a0palveluksessaan toimivat ty\u00f6ntekij\u00e4t, alihankkijat tai muut palveluun kuuluvat tahot noudattavat n\u00e4it\u00e4 ehtoja.<\/p>\n<p>Palveluntarjoajalla on admin tunnukset ja p\u00e4\u00e4sy palvelimen kaikkiin tiedostoihin. Palveluntarjoaja ja sen henkil\u00f6st\u00f6 sitoutuu\u00a0noudattamaan yhti\u00f6n tietoturvaperiaatteita ja pit\u00e4m\u00e4\u00e4n salassa aineistopankin j\u00e4rjestelm\u00e4st\u00e4 saamiensa Asiakkaan tiedot.<\/p>\n<p>Sopimukseen sovelletaan Suomen lakia. Erimielisyydet pyrit\u00e4\u00e4n ensisijaisesti ratkaisemaan neuvottelemalla. Ellei t\u00e4m\u00e4 ole mahdollista,\u00a0oikeuspaikkana on Helsingin k\u00e4r\u00e4j\u00e4oikeus.<\/p>\n<p><strong>14. Yksityisyydensuoja<br \/>\n<\/strong>Koska yksityisyytesi on meille t\u00e4rke\u00e4, olemme luoneet erillisen yksityisyysk\u00e4yt\u00e4nn\u00f6n selvent\u00e4\u00e4ksemme miten prosessoimme, hallinnoimme ja s\u00e4ilyt\u00e4mme henkil\u00f6tietoja. Yksityisyysk\u00e4yt\u00e4nt\u00f6 koskee Communication Pro Oy Ab:n kaikkia sivustoja, tuotteita ja palveluja. Yksityisyysk\u00e4yt\u00e4nt\u00f6 on osa n\u00e4it\u00e4 sopimusehtoja ja voit lukea sen kokonaisuudessaan <a href=\"https:\/\/cloud.virtualmagnet.eu\/fi\/rekisteriseloste\/\">t\u00e4ss\u00e4<\/a>.[\/vc_column_text][vc_empty_space height=&#8221;52px&#8221;][\/vc_column][vc_column width=&#8221;1\/6&#8243;][\/vc_column][\/vc_row]\n<\/div>","protected":false},"excerpt":{"rendered":"<p>[vc_row][vc_column width=&#8221;1\/6&#8243;][\/vc_column][vc_column width=&#8221;2\/3&#8243;][vc_empty_space height=&#8221;52px&#8221;][vc_column_text] MagNet e-Publishing sopimusehdot [\/vc_column_text][vc_empty_space][vc_column_text]1. Sopimusehtojen soveltaminen ja voimassaolo N\u00e4it\u00e4 sopimus ehtoja sovelletaan Communication Pro Oy:n (j\u00e4ljemp\u00e4n\u00e4 palveluntarjoaja) ja sopimuksen tekev\u00e4 osapuoli (j\u00e4ljemp\u00e4n\u00e4 asiakas) toimittamiin tuotteisiin ja palveluihin. N\u00e4m\u00e4 ehdot astuvat voimaan 1.1.2024 ja ovat voimassa toistaiseksi, korvaten aiemmat sopimusehdot. 2. Sopimuksen kohde Sopimuksella sovitaan Asiakkaan tilaamasta tuotteesta tai palvelusta jonka palveluntarjoaja [&hellip;]<\/p>\n","protected":false},"author":1,"featured_media":0,"parent":0,"menu_order":0,"comment_status":"closed","ping_status":"closed","template":"","meta":{"footnotes":""},"class_list":["post-13507","page","type-page","status-publish","hentry"],"_links":{"self":[{"href":"https:\/\/cloud.virtualmagnet.eu\/fi\/wp-json\/wp\/v2\/pages\/13507","targetHints":{"allow":["GET"]}}],"collection":[{"href":"https:\/\/cloud.virtualmagnet.eu\/fi\/wp-json\/wp\/v2\/pages"}],"about":[{"href":"https:\/\/cloud.virtualmagnet.eu\/fi\/wp-json\/wp\/v2\/types\/page"}],"author":[{"embeddable":true,"href":"https:\/\/cloud.virtualmagnet.eu\/fi\/wp-json\/wp\/v2\/users\/1"}],"replies":[{"embeddable":true,"href":"https:\/\/cloud.virtualmagnet.eu\/fi\/wp-json\/wp\/v2\/comments?post=13507"}],"version-history":[{"count":1,"href":"https:\/\/cloud.virtualmagnet.eu\/fi\/wp-json\/wp\/v2\/pages\/13507\/revisions"}],"predecessor-version":[{"id":21930,"href":"https:\/\/cloud.virtualmagnet.eu\/fi\/wp-json\/wp\/v2\/pages\/13507\/revisions\/21930"}],"wp:attachment":[{"href":"https:\/\/cloud.virtualmagnet.eu\/fi\/wp-json\/wp\/v2\/media?parent=13507"}],"curies":[{"name":"wp","href":"https:\/\/api.w.org\/{rel}","templated":true}]}}