{"id":21754,"date":"2024-01-31T18:58:41","date_gmt":"2024-01-31T16:58:41","guid":{"rendered":"https:\/\/cloud.virtualmagnet.eu\/?page_id=21754"},"modified":"2024-01-31T19:01:05","modified_gmt":"2024-01-31T17:01:05","slug":"ukk","status":"publish","type":"page","link":"https:\/\/cloud.virtualmagnet.eu\/fi\/ukk\/","title":{"rendered":"UKK"},"content":{"rendered":"<div class=\"wpb-content-wrapper\">[vc_row video_bg=&#8221;false&#8221; margintop=&#8221;0&#8243; marginbottom=&#8221;35&#8243; paddingtop=&#8221;30&#8243; paddingbottom=&#8221;20&#8243; border_width=&#8221;0&#8243; bg_repeat=&#8221;repeat&#8221; bg_stretch=&#8221;false&#8221; video_quality=&#8221;default&#8221;][vc_column width=&#8221;1\/6&#8243;][\/vc_column][vc_column width=&#8221;2\/3&#8243;]<div class=\"title-outer pos_center \"  style=\"border-bottom: none;\"><h3 style=\"color: #35353d; font-size: 36px;\">UKK - Usein kysytyt kysymykset<\/h3><\/div><div class=\"separator  \" style=\"padding-bottom: 30px; \" ><hr class=\"blank_divider\" ><\/div><div class=\"col_full   \" ><div class=\"faqs_wrap\" data-name=\"263\"><ul id=\"faq-filter263\" class=\"clearfix\"><li class=\"activeFilter\"><a data-filter=\"all263\" href=\"#\">Kaikki<\/a><\/li><li><a data-filter=\".faq-ilmainen-kokeilu263\" href=\"#\">Ilmainen kokeilu<\/a><\/li><li><a data-filter=\".faq-julkaiseminen263\" href=\"#\">Julkaiseminen<\/a><\/li><li><a data-filter=\".faq-juridiikka-ja-tietoturva263\" href=\"#\">Juridiikka ja tietoturva<\/a><\/li><li><a data-filter=\".faq-tiedoston-tuonti263\" href=\"#\">Tiedoston tuonti<\/a><\/li><li><a data-filter=\".faq-tilaukset-ja-hinnat263\" href=\"#\">Tilaukset ja hinnat<\/a><\/li><li><a data-filter=\".faq-visualisointi263\" href=\"#\">Visualisointi<\/a><\/li><li><a data-filter=\".faq-yhteensopivuus-ja-hakukoneoptimointi263\" href=\"#\">Yhteensopivuus ja hakukoneoptimointi<\/a><\/li><\/ul><div id=\"faqs263\" class=\"clearfix\"><div class=\"toggle  faq-julkaiseminen263  clearfix\"><div class=\"togglet\">Miten saan QR-koodin e-julkaisulleni?<\/div><div class=\"togglec clearfix\" style=\"display:none;\"><span class=\"Y2IQFc\" lang=\"fi\">L\u00f6yd\u00e4t automaattisesti luodun QR-koodin Omat julkaisuni sivulla PDF-tiedoston viennin j\u00e4lkeen. Napsauta pikkukuvan yhteydess\u00e4 olevaa jakokuvaketta ja valitse Lataa QR-koodi.<\/span>\r\n\r\nQR-koodi on PNG-kuva, jonka voit tulostaa, ripustaa sein\u00e4lle tai lis\u00e4t\u00e4 painettuun mediaasi. Yhdell\u00e4 skannauksella puhelimen kameralla yleis\u00f6si saa v\u00e4litt\u00f6m\u00e4n p\u00e4\u00e4syn e-julkaisuusi.<\/div><\/div><div class=\"toggle  faq-julkaiseminen263 faq-visualisointi263  clearfix\"><div class=\"togglet\">Kuuluuko multimedia palvelun hintaan?<\/div><div class=\"togglec clearfix\" style=\"display:none;\">Jos lis\u00e4\u00e4t video-, \u00e4\u00e4ni- ja verkkosis\u00e4lt\u00f6\u00e4 toimivina hyperlinkkein\u00e4 alkuper\u00e4iseen PDF-tiedostoon, tulevat ne mukaan e-julkaisuusi. L\u00f6yd\u00e4t ty\u00f6kalut hyperlinkkien luomiseen Adobe Acrobat- ja InDesign-ohjelmistoista tai muista vastaavista ohjelmistoista. Jos linkit eiv\u00e4t toimi PDF-tiedostossa, ne eiv\u00e4t toimi my\u00f6sk\u00e4\u00e4n ePaper-julkaisussa. Suosittelemme, ett\u00e4 k\u00e4yt\u00e4t videoiden suoratoistopalvelua, kuten YouTubea tai Vimeoa, koska t\u00e4m\u00e4 lyhent\u00e4\u00e4 merkitt\u00e4v\u00e4sti tiedostokokoa ja lukijoiden latausaikoja. FullService palvelullamme voimme tarjota r\u00e4\u00e4t\u00e4l\u00f6ityj\u00e4 ratkaisuja lis\u00e4hintaan.<\/div><\/div><div class=\"toggle  faq-julkaiseminen263  clearfix\"><div class=\"togglet\">Voinko saada lukijatilastoja e-julkaisuistani?<\/div><div class=\"togglec clearfix\" style=\"display:none;\">Seurantaa varten julkaisuihin on liitett\u00e4v\u00e4 seurantakoodi. K\u00e4yt\u00e4nn\u00f6ss\u00e4 saatte Google Analytics tililt\u00e4 tai vastaavalta seurantakoodin jonka lis\u00e4\u00e4mme tilinne asetuksiin. T\u00e4m\u00e4n j\u00e4lkeen kyseinen seurantakoodi tulee kaikkiin uusiin julkaisuihin ja tallentaa tietoja teid\u00e4n seurantaty\u00f6kaluun. Seurantakoodin voi p\u00e4ivitt\u00e4m\u00e4ll\u00e4 lis\u00e4t\u00e4 my\u00f6s olemassa oleviin julkaisuihin, mutta tilastoja ei tietenk\u00e4\u00e4n saa en\u00e4\u00e4 j\u00e4lkik\u00e4teen ker\u00e4tty\u00e4. Olethan yhteydess\u00e4 jos tarvitset ohjeistusta t\u00e4h\u00e4n.\r\n\r\n<hr \/>\r\n\r\n<strong>Googlen Consent Mode V2 tuli pakolliseksi Euroopassa maaliskuussa 2024, mik\u00e4li haluaa ker\u00e4t\u00e4 dataa Google Analytics ja Google Ads -j\u00e4rjestelmill\u00e4. T\u00e4m\u00e4n my\u00f6t\u00e4 Google Analyticsin k\u00e4ytt\u00f6 edellytt\u00e4\u00e4 ett\u00e4 seurantaan k\u00e4ytet\u00e4\u00e4n Google Tag Manageria johon on liitetty GDPR ja Consent Mode V2 yhteensopiva ev\u00e4stehyv\u00e4ksynt\u00e4.<\/strong><\/div><\/div><div class=\"toggle  faq-tiedoston-tuonti263  clearfix\"><div class=\"togglet\">Tuetteko useiden PDF-tiedostojen lataamista?<\/div><div class=\"togglec clearfix\" style=\"display:none;\"><span class=\"HwtZe\" lang=\"fi\"><span class=\"jCAhz ChMk0b\"><span class=\"ryNqvb\">Emme tue useiden PDF-tiedostojen samanaikaista lataamista.<\/span><\/span> <span class=\"jCAhz ChMk0b\"><span class=\"ryNqvb\">Sinun on tuotava PDF-dokumentit yksi kerrallaan palveluun.<\/span><\/span><\/span><\/div><\/div><div class=\"toggle  faq-tiedoston-tuonti263  clearfix\"><div class=\"togglet\">Voinko luoda HTML5-pohjaisia \u200b\u200bjulkaisuja teksti-\/kuva-\/Word-\/PPT-tiedostoista?<\/div><div class=\"togglec clearfix\" style=\"display:none;\"><span class=\"HwtZe\" lang=\"fi\"><span class=\"jCAhz ChMk0b\"><span class=\"ryNqvb\">e-julkaisumme ovat HTML5-pohjaisia, mutta emme tue mit\u00e4\u00e4n muuta kuin PDF-latauksia.<\/span><\/span> <span class=\"jCAhz ChMk0b\"><span class=\"ryNqvb\">Sinun on tallennettava asiakirja PDF-muotoon ennen sen tuomista palveluun.<\/span><\/span><\/span><\/div><\/div><div class=\"toggle  faq-julkaiseminen263 faq-tilaukset-ja-hinnat263  clearfix\"><div class=\"togglet\">Mit\u00e4 tapahtuu, jos tilin julkaisum\u00e4\u00e4r\u00e4 t\u00e4yttyy?<\/div><div class=\"togglec clearfix\" style=\"display:none;\"><span class=\"HwtZe\" lang=\"fi\"><span class=\"jCAhz ChMk0b\"><span class=\"ryNqvb\">Kun tilin julkaisum\u00e4\u00e4r\u00e4 on t\u00e4ynn\u00e4 et voi lis\u00e4t\u00e4 uusia julkaisuja. Jos on mahdollista poistaa jonkin nykyisist\u00e4 julkaisuistasi, t\u00e4m\u00e4 vapauttaa paikan uudelle e-julkaisulle.<\/span><\/span> <span class=\"jCAhz ChMk0b\"><span class=\"ryNqvb\">Voit my\u00f6s aina ostaa lis\u00e4\u00e4 paikkoja p\u00e4ivitt\u00e4m\u00e4ll\u00e4 tilauksesi tai ottamalla yhteytt\u00e4 myyntitiimiimme <a href=\"https:\/\/cloud.virtualmagnet.eu\/fi\/yhteys\/\">t\u00e4\u00e4lt\u00e4<\/a>.<\/span><\/span><\/span><\/div><\/div><div class=\"toggle  faq-yhteensopivuus-ja-hakukoneoptimointi263  clearfix\"><div class=\"togglet\">Pit\u00e4\u00e4k\u00f6 lukijoideni asentaa lis\u00e4osia tai muita kolmannen osapuolen ohjelmistoja n\u00e4hd\u00e4kseen e-julkaisujani?<\/div><div class=\"togglec clearfix\" style=\"display:none;\"><span class=\"HwtZe\" lang=\"fi\"><span class=\"jCAhz ChMk0b\"><span class=\"ryNqvb\">Eiv\u00e4t tarvitse.<\/span><\/span> <span class=\"jCAhz ChMk0b\"><span class=\"ryNqvb\">Julkaiset e-julkaisun verkossa ja lukijasi voivat helposti tarkastella sit\u00e4 selaimella tarjoamamme julkaisulinkin kautta.<\/span><\/span> <span class=\"jCAhz ChMk0b\"><span class=\"ryNqvb\">Kaikki nykyaikaiset selaimet tukevat MagNet ePaperia, eik\u00e4 sen lukeminen vaadi mit\u00e4\u00e4n laajennuksia.<\/span><\/span><\/span><\/div><\/div><div class=\"toggle  faq-yhteensopivuus-ja-hakukoneoptimointi263  clearfix\"><div class=\"togglet\">Mit\u00e4 tarkoittaa, ett\u00e4 e-julkaisut ovat &#8221;SEO-yst\u00e4v\u00e4llisi\u00e4&#8221;?<\/div><div class=\"togglec clearfix\" style=\"display:none;\"><span class=\"HwtZe\" lang=\"fi\"><span class=\"jCAhz ChMk0b\"><span class=\"ryNqvb\">Kaikki palvelullamme luodut e-julkaisut ovat hakukoneoptimoituja (SEO).<\/span><\/span> <span class=\"jCAhz ChMk0b\"><span class=\"ryNqvb\">T\u00e4m\u00e4 tarkoittaa, ett\u00e4 hakukoneet, kuten Google, voivat indeksoida jokaisen sivun erikseen.<\/span><\/span> <span class=\"jCAhz ChMk0b\"><span class=\"ryNqvb\">Tietty\u00e4 sis\u00e4lt\u00f6\u00e4 etsiville k\u00e4ytt\u00e4jille n\u00e4ytet\u00e4\u00e4n linkki, joka ohjaa heid\u00e4t suoraan sivulle, joka sis\u00e4lt\u00e4\u00e4 heid\u00e4n etsim\u00e4ns\u00e4 aiheen.<\/span><\/span> <span class=\"jCAhz ChMk0b\"><span class=\"ryNqvb\">Lyhyesti sanottuna t\u00e4m\u00e4 tarkoittaa, ett\u00e4 verkkojulkaisut l\u00f6yt\u00e4v\u00e4t todenn\u00e4k\u00f6isemmin laajempi yleis\u00f6 ja ihmiset, jotka ovat kiinnostuneita tarjoamastasi sis\u00e4ll\u00f6st\u00e4.<\/span><\/span><\/span><\/div><\/div><div class=\"toggle  faq-julkaiseminen263 faq-tiedoston-tuonti263  clearfix\"><div class=\"togglet\">Kuinka voin p\u00e4ivitt\u00e4\u00e4 e-julkaisun muuttamatta sen linkki\u00e4?<\/div><div class=\"togglec clearfix\" style=\"display:none;\"><span class=\"HwtZe\" lang=\"fi\"><span class=\"jCAhz ChMk0b\"><span class=\"ryNqvb\">\"Omat julkaisuni\" -sivulla n\u00e4et kaikki aktiiviset julkaisusi ja voit poistaa tai p\u00e4ivitt\u00e4\u00e4 vanhoja julkaisuja.<\/span><\/span> <\/span>\r\n\r\n<span class=\"HwtZe\" lang=\"fi\"><span class=\"jCAhz ChMk0b\"><span class=\"ryNqvb\">P\u00e4ivit\u00e4 e-julkaisu napsauttamalla t\u00e4m\u00e4n pikkukuvan p\u00e4\u00e4ll\u00e4 olevaa \"P\u00e4ivit\u00e4 uusi PDF\" -kuvaketta ja valitsemalla PDF-tiedosto tietokoneeltasi.<\/span><\/span><\/span>\r\n\r\n<span class=\"HwtZe\" lang=\"fi\"> <span class=\"jCAhz ChMk0b\"><span class=\"ryNqvb\">Uuden PDF-tiedoston sis\u00e4lt\u00f6 korvaa e-julkaisun vanhan sis\u00e4ll\u00f6n ja julkaisun linkki s\u00e4ilyy ennallaan.<\/span><\/span> <\/span>\r\n\r\n<span class=\"HwtZe\" lang=\"fi\"><span class=\"jCAhz ChMk0b\"><span class=\"ryNqvb\">Huomaa, ett\u00e4 selaimesta riippuen saatat joutua tyhjent\u00e4m\u00e4\u00e4n selaimen v\u00e4limuistin n\u00e4hd\u00e4ksesi p\u00e4ivitetyn julkaisun sis\u00e4ll\u00f6n v\u00e4litt\u00f6m\u00e4sti.<\/span><\/span><\/span><\/div><\/div><div class=\"toggle  faq-visualisointi263  clearfix\"><div class=\"togglet\">Voinko lis\u00e4t\u00e4 sis\u00e4llysluettelon e-julkaisuun?<\/div><div class=\"togglec clearfix\" style=\"display:none;\">Kyll\u00e4, lis\u00e4\u00e4m\u00e4ll\u00e4 kirjanmerkit PDF-tiedostoon Adobe Acrobat- tai InDesign-ohjelmistolla.\r\n\r\nJokainen kirjanmerkki koostuu otsikosta ja sivunumerosta, johon otsikko viittaa. Julkaisuprosessin aikana kirjanmerkit tuodaan automaattisesti ja muunnetaan e-julkaisun sis\u00e4llysluetteloksi.\r\n\r\nMuista testata PDF-tiedoston kirjanmerkit ennen tiedoston tuomista palveluun. Jos kirjanmerkit eiv\u00e4t toimi PDF-tiedostossa, ne eiv\u00e4t tule toimimaan my\u00f6sk\u00e4\u00e4n valmiissa e-julkaisussa.<\/div><\/div><div class=\"toggle  faq-tilaukset-ja-hinnat263  clearfix\"><div class=\"togglet\">Miten p\u00e4ivitys vaikuttaa kuukausihintaan?<\/div><div class=\"togglec clearfix\" style=\"display:none;\"><span class=\"HwtZe\" lang=\"fi\"><span class=\"jCAhz ChMk0b\"><span class=\"ryNqvb\">Kun p\u00e4ivit\u00e4t palvelutilauksesi, laskutettu hinta lasketaan automaattisesti aiempien maksujesi ja tilausjakson perusteella.<\/span><\/span> <span class=\"jCAhz ChMk0b\"><span class=\"ryNqvb\">Jos kyseess\u00e4 on tilauksen peruutus, hyvityksi\u00e4 ei my\u00f6nnet\u00e4, mutta voit jatkaa palvelun k\u00e4ytt\u00f6\u00e4 sen ajan josta olet jo maksanut.<\/span><\/span><\/span><\/div><\/div><div class=\"toggle  faq-tilaukset-ja-hinnat263  clearfix\"><div class=\"togglet\">Kuinka aktivoin tilaukseni uudelleen, jos automaattinen uusintamaksu ep\u00e4onnistuu?<\/div><div class=\"togglec clearfix\" style=\"display:none;\">Automaattinen uusinta voi ep\u00e4onnistua, jos luottokorttisi on vanhentunut tai jos verkkomaksussa on ongelmia. T\u00e4ss\u00e4 tapauksessa tilauksesi asetetaan odotustilaan ja se on aktivoitava uudelleen seuraavilla vaiheilla:\r\n<ol>\r\n \t<li>Kirjaudu palveluun ja siirry \"Oma tili\" -sivullesi<\/li>\r\n \t<li>Siirry \"Maksutavat\"-osioon ja p\u00e4ivit\u00e4 luottokorttitietosi<\/li>\r\n \t<li>Siirry sitten \"Tilaukset\" -osioon ja etsi ep\u00e4onnistunut tilaus, jonka pit\u00e4isi olla luettelon ensimm\u00e4isen\u00e4<\/li>\r\n \t<li>Napsauta ep\u00e4onnistuneen tilauksen vieress\u00e4 olevaa Maksa -painiketta<\/li>\r\n \t<li>Siirry kassalle vahvistaaksesi maksu k\u00e4ytt\u00e4m\u00e4ll\u00e4 p\u00e4ivitetty\u00e4 maksutapaa<\/li>\r\n<\/ol>\r\n<span class=\"HwtZe\" lang=\"fi\"><span class=\"jCAhz ChMk0b\"><span class=\"ryNqvb\">T\u00e4m\u00e4n j\u00e4lkeen tilauksesi aktivoidaan v\u00e4litt\u00f6m\u00e4sti uudelleen ja seuraava uusinta on j\u00e4lleen automaattinen (ellet p\u00e4\u00e4t\u00e4 peruuttaa tilausta ennen t\u00e4t\u00e4).<\/span><\/span><\/span><\/div><\/div><div class=\"toggle  faq-julkaiseminen263 faq-juridiikka-ja-tietoturva263  clearfix\"><div class=\"togglet\">Voinko k\u00e4ytt\u00e4\u00e4 palvelua e-julkaisujen luomiseen asiakkailleni?<\/div><div class=\"togglec clearfix\" style=\"display:none;\">Kyll\u00e4 voit. Kun olet ostanut palvelutilauksen, voit luoda e-julkaisuja ja julkaista ne asiakkaidesi verkkosivustoilla.<\/div><\/div><div class=\"toggle  faq-juridiikka-ja-tietoturva263  clearfix\"><div class=\"togglet\">Ovatko tietoni turvassa?<\/div><div class=\"togglec clearfix\" style=\"display:none;\"><span class=\"HwtZe\" lang=\"fi\"><span class=\"jCAhz ChMk0b\"><span class=\"ryNqvb\">K\u00e4ytt\u00e4m\u00e4ll\u00e4 MagNet e-Publishing -palvelua hyv\u00e4ksyt julkaisujesi tallentamisen MagNet e-Publishing -pilvipalveluun ja voit asettaa e-julkaisusi saataville verkossa ilman, ett\u00e4 sinun tarvitsee yll\u00e4pit\u00e4\u00e4 omaa verkkosivustoa.<\/span><\/span> Pilvipalvelumme<span class=\"jCAhz ChMk0b\"><span class=\"ryNqvb\"> on eritt\u00e4in turvallinen ja t\u00e4ytt\u00e4\u00e4 yleiset tietoturva<\/span><\/span><\/span><span class=\"HwtZe\" lang=\"fi\"><span class=\"jCAhz ChMk0b\"><span class=\"ryNqvb\">standardit. S\u00e4ilyt\u00e4mme kaiken asiakkaidemme materiaalin huolellisesti ja k\u00e4yt\u00e4mme suojattua yhteytt\u00e4 tiedonsiirroissa.<\/span><\/span> <span class=\"jCAhz ChMk0b\"><span class=\"ryNqvb\">Huolehdimme siit\u00e4, ett\u00e4 tietosi ovat turvassa.<\/span><\/span><\/span>\r\n\r\n&nbsp;<\/div><\/div><div class=\"toggle  faq-ilmainen-kokeilu263  clearfix\"><div class=\"togglet\">Kuinka kauan voin k\u00e4ytt\u00e4\u00e4 MagNet e-Publishing palvelua ilmaiseksi?<\/div><div class=\"togglec clearfix\" style=\"display:none;\"><ul>\r\n \t<li>Voit kokeilla MagNet e-Publishing -palvelua ilmaiseksi milloin tahansa.<\/li>\r\n \t<li>Huomaa, ett\u00e4 ePaperin ilmainen koejulkaisu on ajallisesti rajoitettu. Verkkojulkaisu ja alkuper\u00e4inen PDF-tiedosto poistetaan 2 p\u00e4iv\u00e4n kuluttua.<\/li>\r\n \t<li>Sinulla ei voi olla useita ePaper koejulkaisuja samanaikaisesti, ellet ole erikseen pyyt\u00e4nyt sit\u00e4 ensimm\u00e4isen koejulkaisun ongelman vuoksi.<\/li>\r\n<\/ul><\/div><\/div><div class=\"toggle  faq-julkaiseminen263 faq-tilaukset-ja-hinnat263  clearfix\"><div class=\"togglet\">Miten p\u00e4ivit\u00e4n tai perun minun aktiivisen palvelutilauksen?<\/div><div class=\"togglec clearfix\" style=\"display:none;\"><ol>\r\n \t<li>Kirjaudu palveluun ja siirry sivulle \"Oma tili\" &gt; \"Omat kestotilaukseni\".<\/li>\r\n \t<li>L\u00f6yd\u00e4 aktiivinen tilauksesi \"Tilausten yhteissummat\" otsikon alla.<\/li>\r\n \t<li>Klikkaa \"Muokkaa palvelutilausta\" painiketta p\u00e4ivitt\u00e4\u00e4kseen tilauksesi, tai \"Peruuta\" painiketta jos haluat perua tilauksesi.<\/li>\r\n<\/ol>\r\n<strong>Huom!<\/strong> Peruutustapauksessa maksuja ei palauteta, mutta voit jatkaa palvelun k\u00e4ytt\u00f6\u00e4 sen ajan jonka olet jo maksanut.<\/div><\/div><div class=\"toggle  faq-julkaiseminen263 faq-juridiikka-ja-tietoturva263  clearfix\"><div class=\"togglet\">Voinko julkaista MagNet e-Publishing palvelulla luotuja e-julkaisuja useammalle kuin yhdelle verkkosivustolle?<\/div><div class=\"togglec clearfix\" style=\"display:none;\"><span class=\"HwtZe\" lang=\"fi\"><span class=\"jCAhz ChMk0b\"><span class=\"ryNqvb\">Kyll\u00e4, voit linkitt\u00e4\u00e4 ja upottaa e-julkaisusi monille verkkosivustoille, uutiskirjeisiin ja sosiaaliseen mediaan.<\/span><\/span> <span class=\"jCAhz ChMk0b\"><span class=\"ryNqvb\">Muista poistaa julkaisulinkin kaikilta verkkosivustoilta, kun poistat e-julkaisun.<\/span><\/span><\/span><\/div><\/div><div class=\"toggle  faq-julkaiseminen263 faq-tilaukset-ja-hinnat263  clearfix\"><div class=\"togglet\">Kuinka monta e-julkaisua voin julkaista?<\/div><div class=\"togglec clearfix\" style=\"display:none;\">Voit vapaasti julkaista niin monta e-julkaisua kuin haluat. Palvelutilaukset on rajoitettu vain tiettyyn m\u00e4\u00e4r\u00e4\u00e4n samanaikaisia julkaisuja. Starter versiossa on vakiona 6 paikkaa ja Business versiossa 50 paikkaa eri julkaisuille.\r\n\r\nJos tilisi on t\u00e4ynn\u00e4, et voi lis\u00e4t\u00e4 uusia PDF-tiedostoja, mutta voit vapauttaa paikan poistamalla vanhan e-julkaisun tai voit p\u00e4ivitt\u00e4\u00e4 tilauksesi lis\u00e4t\u00e4ksesi samanaikaisten julkaisujen m\u00e4\u00e4r\u00e4\u00e4!\r\n\r\nIlmainen ePaper-kokeilujaksosi kest\u00e4\u00e4 2 p\u00e4iv\u00e4\u00e4, jonka j\u00e4lkeen julkaisu poistuu automaattisesti palvelimiltamme. Voit kuitenkin vapaasti luoda uuden koejulkaisun my\u00f6hemmin.<\/div><\/div><div class=\"toggle  faq-julkaiseminen263 faq-tilaukset-ja-hinnat263  clearfix\"><div class=\"togglet\">Mit\u00e4 tarkoitetaan sill\u00e4, ett\u00e4 julkaisut ovat vapaasti vaihdettavissa?<\/div><div class=\"togglec clearfix\" style=\"display:none;\">Itsepalvelumme on rajoitettu tiettyyn m\u00e4\u00e4r\u00e4\u00e4n samanaikaisia \u200b\u200bjulkaisuja. Basic versiossa edellinen julkaisu korvataan aina ja vain uusin on luettavissa, mutta voit p\u00e4ivitt\u00e4\u00e4 julkaisua niin usein kuin haluat. Starter versiossa on vakiona 6 paikkaa ja Business versiossa 50 paikkaa eri julkaisuille. Jos tilisi on t\u00e4ynn\u00e4, et voi lis\u00e4t\u00e4 uusia PDF-tiedostoja, mutta voit vapauttaa paikan poistamalla vanhan e-julkaisun tai voit p\u00e4ivitt\u00e4\u00e4 tilauksesi lis\u00e4t\u00e4ksesi samanaikaisten julkaisujen m\u00e4\u00e4r\u00e4\u00e4!<\/div><\/div><div class=\"toggle  faq-visualisointi263  clearfix\"><div class=\"togglet\">Palvelun tuottama e-julkaisu ei n\u00e4yt\u00e4 hyv\u00e4lt\u00e4. Miksi?<\/div><div class=\"togglec clearfix\" style=\"display:none;\"><strong><span class=\"HwtZe\" lang=\"fi\"><span class=\"jCAhz ChMk0b\"><span class=\"ryNqvb\">Varmista ett\u00e4 PDF-tiedosto on optimoitu e-julkaisuk\u00e4ytt\u00f6\u00f6n ja t\u00e4ytt\u00e4\u00e4 seuraavat palvelun kriteerit.<\/span><\/span><\/span><\/strong>\r\n<ol>\r\n \t<li>Kaikilla sivuilla on oltava sama korkeus ja leveys. Esimerkiksi: kaikki sivut A4-koossa ja pystysuunnassa.<\/li>\r\n \t<li>Mahdolliset leikkausmerkit ja leikkuuvarat t\u00e4ytyy poistaa.<\/li>\r\n \t<li>Suosittelemme, ett\u00e4 PDF-tiedoston resoluutio on v\u00e4hint\u00e4\u00e4n 200 dpi.<\/li>\r\n \t<li>Jos PDF-tiedostossa on k\u00e4ytetty valokuvia, grafiikkaa tai mink\u00e4 tahansa muun tyyppisi\u00e4 kuvia, varmista, ett\u00e4 ne ovat korkearesoluutioisia. 200\u2013300 dpi pikseloitumisen v\u00e4ltt\u00e4miseksi.<\/li>\r\n \t<li>V\u00e4lt\u00e4 leikkausmerkkien lis\u00e4\u00e4mist\u00e4 PDF-dokumenttiin, muuten ne n\u00e4kyv\u00e4t e-julkaisussa.<\/li>\r\n \t<li>Suosittelemme k\u00e4ytt\u00e4m\u00e4\u00e4n suuria, selkeit\u00e4, luettavia fontteja tai verkkofontteja. T\u00e4m\u00e4 takaa ett\u00e4 teksti on\u00a0helposti luettava kaikilla laitteilla.<\/li>\r\n \t<li><span class=\"HwtZe\" lang=\"fi\"><span class=\"jCAhz ChMk0b\"><span class=\"ryNqvb\">Kun haluat luoda digitaalisen kopion alkuper\u00e4isest\u00e4 sis\u00e4ll\u00f6st\u00e4, sinun on omistettava alkuper\u00e4isen asiakirjan tekij\u00e4noikeudet.<\/span><\/span><\/span><\/li>\r\n<\/ol>\r\nLue PDF-ohjeemme, kuinka voit luoda virheett\u00f6m\u00e4n verkkojulkaisun <a href=\"https:\/\/cloud.virtualmagnet.eu\/fi\/ohjeet\/pdf-ohje\/\" target=\"_blank\" rel=\"noopener\">t\u00e4ss\u00e4<\/a>.<\/div><\/div><div class=\"toggle  faq-ilmainen-kokeilu263 faq-tiedoston-tuonti263  clearfix\"><div class=\"togglet\">Miten luon oman ePaper koejulkaisun?<\/div><div class=\"togglec clearfix\" style=\"display:none;\">Luo ilmainen koejulkaisu noudattamalla n\u00e4it\u00e4 yksinkertaisia \u200b\u200bohjeita:\r\n<ol>\r\n \t<li>T\u00e4yt\u00e4 s\u00e4hk\u00f6postiosoitteesi meid\u00e4n verkkolomakkeeseen.<\/li>\r\n \t<li>Lataa PDF-tiedosto vet\u00e4m\u00e4ll\u00e4 ja pudottamalla PDF-tiedosto merkitylle alueelle. Voit my\u00f6s napsauttaa ja valita tiedoston.<\/li>\r\n \t<li>Palvelimemme lataa ja konvertoi PDF-tiedoston. Kun se on valmis, saat s\u00e4hk\u00f6postiisi viestin, jossa on linkki koejulkaisuun.<\/li>\r\n \t<li>Valmista! Uusi e-julkaisusi on nyt valmis.<\/li>\r\n<\/ol>\r\n<strong>HUOM:<\/strong> Yleens\u00e4 PDF-tiedoston latausprosessi kest\u00e4\u00e4 muutaman minuutin. Poikkeuksellisissa tapauksissa, jos palvelimellemme on jono k\u00e4sitelt\u00e4vi\u00e4 PDF-tiedostoja, voi kest\u00e4\u00e4 kauemmin.\r\n\r\n<strong><span class=\"HwtZe\" lang=\"fi\"><span class=\"jCAhz ChMk0b\"><span class=\"ryNqvb\">\u00c4l\u00e4 huoli!<\/span><\/span><\/span><\/strong>\r\n\r\nIlmoitamme s\u00e4hk\u00f6postitse kun e-julkaisu on valmis, sill\u00e4 v\u00e4lin voit napata kahvia ja venytt\u00e4\u00e4 lihaksia.\r\n\r\n&nbsp;<\/div><\/div><div class=\"toggle  faq-tiedoston-tuonti263  clearfix\"><div class=\"togglet\">Miksi PDF-tiedosto ei siirry palveluun?<\/div><div class=\"togglec clearfix\" style=\"display:none;\">Jos PDF-tiedosto ei siirry palveluun, tarkista ett\u00e4 se t\u00e4ytt\u00e4\u00e4 palvelun kriteerit tiedostokoon ja tiedostonimen osalta.\r\n\r\nPDF-TIEDOSTON KRITEERIT:\r\n<ul>\r\n \t<li>Tarkista ett\u00e4 tiedoston koko ei ylit\u00e4 500Mt kokorajoitusta (ilmaiselle <strong>koejulkaisulle<\/strong> kokoraja on 25Mt).<\/li>\r\n \t<li><i class=\"fa-li fa fa-check-square\"><\/i>Kaikki sivut on oltava samankokoisia ja oikeassa sivuj\u00e4rjestyksess\u00e4. Esimerkiksi: kaikki sivut A4 koossa ja pystysuunnassa.<\/li>\r\n \t<li>Nime\u00e4 tiedosto hyvin, tiedostonimest\u00e4 muodostuu e-julkaisun linkki. V\u00e4lt\u00e4 v\u00e4lily\u00f6ntej\u00e4, \"\u00e4\u00e4kk\u00f6si\u00e4\" tai erikoismerkkej\u00e4 tiedostonimess\u00e4. T\u00e4m\u00e4 on hyv\u00e4: Brandi-collection-kevat.pdf\u00a0 T\u00e4m\u00e4 on huono: Br\u00e4ndi kev\u00e4t*huhtikuu. collection%versio#3.pdf<i class=\"fa-li fa fa-check-square\"><\/i><\/li>\r\n<\/ul>\r\nJos tilin julkaisum\u00e4\u00e4r\u00e4 on t\u00e4ynn\u00e4 et voi vied\u00e4 uutta pdf-tiedostoa palveluun, mutta \"Omat julkaisuni\" -sivulla voit poistaa vanhan julkaisun joka vapauttaa paikan uudelle julkaisulle. Voit my\u00f6s nostaa tilin julkaisum\u00e4\u00e4r\u00e4\u00e4 tarvittaessa.\r\n\r\nOletko edelleen ep\u00e4varma miksi tiedosto ei siirry tai n\u00e4ytt\u00e4\u00e4 oudolta? Ota yhteytt\u00e4 meid\u00e4n tukeen osoitteessa support(at)virtualmagnet.eu<\/div><\/div><\/div><\/div><\/div>[\/vc_column][vc_column width=&#8221;1\/6&#8243;][\/vc_column][\/vc_row]\n<\/div>","protected":false},"excerpt":{"rendered":"<p>[vc_row video_bg=&#8221;false&#8221; margintop=&#8221;0&#8243; marginbottom=&#8221;35&#8243; paddingtop=&#8221;30&#8243; paddingbottom=&#8221;20&#8243; border_width=&#8221;0&#8243; bg_repeat=&#8221;repeat&#8221; bg_stretch=&#8221;false&#8221; video_quality=&#8221;default&#8221;][vc_column width=&#8221;1\/6&#8243;][\/vc_column][vc_column width=&#8221;2\/3&#8243;][\/vc_column][vc_column width=&#8221;1\/6&#8243;][\/vc_column][\/vc_row]<\/p>\n","protected":false},"author":1,"featured_media":0,"parent":0,"menu_order":59,"comment_status":"closed","ping_status":"closed","template":"page-full.php","meta":{"footnotes":""},"class_list":["post-21754","page","type-page","status-publish","hentry"],"_links":{"self":[{"href":"https:\/\/cloud.virtualmagnet.eu\/fi\/wp-json\/wp\/v2\/pages\/21754","targetHints":{"allow":["GET"]}}],"collection":[{"href":"https:\/\/cloud.virtualmagnet.eu\/fi\/wp-json\/wp\/v2\/pages"}],"about":[{"href":"https:\/\/cloud.virtualmagnet.eu\/fi\/wp-json\/wp\/v2\/types\/page"}],"author":[{"embeddable":true,"href":"https:\/\/cloud.virtualmagnet.eu\/fi\/wp-json\/wp\/v2\/users\/1"}],"replies":[{"embeddable":true,"href":"https:\/\/cloud.virtualmagnet.eu\/fi\/wp-json\/wp\/v2\/comments?post=21754"}],"version-history":[{"count":2,"href":"https:\/\/cloud.virtualmagnet.eu\/fi\/wp-json\/wp\/v2\/pages\/21754\/revisions"}],"predecessor-version":[{"id":21758,"href":"https:\/\/cloud.virtualmagnet.eu\/fi\/wp-json\/wp\/v2\/pages\/21754\/revisions\/21758"}],"wp:attachment":[{"href":"https:\/\/cloud.virtualmagnet.eu\/fi\/wp-json\/wp\/v2\/media?parent=21754"}],"curies":[{"name":"wp","href":"https:\/\/api.w.org\/{rel}","templated":true}]}}