{"id":13422,"date":"2015-12-16T10:59:18","date_gmt":"2017-11-16T12:56:12","guid":{"rendered":"https:\/\/cloud.virtualmagnet.eu\/?post_type=product&#038;p=13422"},"modified":"2017-11-16T15:26:18","modified_gmt":"2017-11-16T13:26:18","slug":"selfservice-e-julkaisupalvelu","status":"publish","type":"product","link":"https:\/\/cloud.virtualmagnet.eu\/fi\/shop\/selfservice-e-julkaisupalvelu\/","title":{"rendered":"SelfService e-julkaisupalvelu"},"content":{"rendered":"","protected":false},"excerpt":{"rendered":"<p>Hallitse omat nettijulkaisusi. Online palvelun k\u00e4ytt\u00f6liittym\u00e4 tarjoaa PDF-tiedoston latauksen, konvertoinnin ja julkaisulinkin. Sinulla on aina kokonaiskuva kaikista julkaisuistasi\u00a0ja julkaisut ovat vapaasti vaihdettavissa niin usein kuin haluat.<\/p>\n","protected":false},"featured_media":11879,"template":"","meta":[],"product_brand":[],"product_cat":[210],"product_tag":[],"class_list":{"0":"post-13422","1":"product","2":"type-product","3":"status-publish","4":"has-post-thumbnail","6":"product_cat-julkaisupalvelu","8":"first","9":"instock","10":"sold-individually","11":"taxable","12":"shipping-taxable","13":"product-type-grouped"},"_links":{"self":[{"href":"https:\/\/cloud.virtualmagnet.eu\/fi\/wp-json\/wp\/v2\/product\/13422","targetHints":{"allow":["GET"]}}],"collection":[{"href":"https:\/\/cloud.virtualmagnet.eu\/fi\/wp-json\/wp\/v2\/product"}],"about":[{"href":"https:\/\/cloud.virtualmagnet.eu\/fi\/wp-json\/wp\/v2\/types\/product"}],"wp:featuredmedia":[{"embeddable":true,"href":"https:\/\/cloud.virtualmagnet.eu\/fi\/wp-json\/wp\/v2\/media\/11879"}],"wp:attachment":[{"href":"https:\/\/cloud.virtualmagnet.eu\/fi\/wp-json\/wp\/v2\/media?parent=13422"}],"wp:term":[{"taxonomy":"product_brand","embeddable":true,"href":"https:\/\/cloud.virtualmagnet.eu\/fi\/wp-json\/wp\/v2\/product_brand?post=13422"},{"taxonomy":"product_cat","embeddable":true,"href":"https:\/\/cloud.virtualmagnet.eu\/fi\/wp-json\/wp\/v2\/product_cat?post=13422"},{"taxonomy":"product_tag","embeddable":true,"href":"https:\/\/cloud.virtualmagnet.eu\/fi\/wp-json\/wp\/v2\/product_tag?post=13422"}],"curies":[{"name":"wp","href":"https:\/\/api.w.org\/{rel}","templated":true}]}}