{"id":12889,"date":"2017-04-27T11:29:00","date_gmt":"2017-04-27T08:29:00","guid":{"rendered":"https:\/\/cloud.virtualmagnet.eu\/sv\/?page_id=12889"},"modified":"2024-02-06T16:06:31","modified_gmt":"2024-02-06T14:06:31","slug":"kontakt","status":"publish","type":"page","link":"https:\/\/cloud.virtualmagnet.eu\/sv\/kontakt\/","title":{"rendered":"Kontakt"},"content":{"rendered":"<div class=\"wpb-content-wrapper\">[vc_row video_bg=&#8221;false&#8221; margintop=&#8221;0&#8243; marginbottom=&#8221;0&#8243; paddingtop=&#8221;60&#8243; paddingbottom=&#8221;60&#8243; border_width=&#8221;0&#8243; border_color=&#8221;#e8e8e8&#8243; bg_repeat=&#8221;repeat&#8221; bg_stretch=&#8221;false&#8221; video_quality=&#8221;default&#8221;][vc_column width=&#8221;1\/2&#8243;]<div class=\"title-outer pos_left \"  style=\"\"><h3 style=\"11\">Kontaktuppgifter<\/h3><\/div><div class=\"product-feature prod_feature_counter1 toleft  \"  ><style type=\"text\/css\" scoped=\"scoped\">.product-feature.prod_feature_counter1 {}.product-feature.prod_feature_counter1 .product-feature-wrap {padding-left:70px;}.product-feature.prod_feature_counter1 span.pf_icon {color: #ffffff;background-color: #333333;padding: 10px;font-size:20px;line-height:20px;width: 20px;height: 20px;}.product-feature.prod_feature_counter1 .featured {color: ;font-size: 20px;font-weight: 400;}.product-feature.prod_feature_counter1 .product-featured-description {color: ;font-size: 12px;line-height: 1.7;}<\/style><div class=\"product-feature-wrap style_1 img_small\"><span class=\"pf_icon fa fa-phone circle\"><\/span><h3 class=\"featured\">Ring till oss<\/h3><div class=\"product-featured-description\">Tel: +358 (0)9 687 7300<\/div><\/div><\/div><div class=\"separator  \" style=\"padding-top: 15px; padding-bottom: 15px; \" ><hr class=\"blank_divider\" ><\/div><div class=\"product-feature prod_feature_counter2 toleft  \"  ><style type=\"text\/css\" scoped=\"scoped\">.product-feature.prod_feature_counter2 {}.product-feature.prod_feature_counter2 .product-feature-wrap {padding-left:70px;}.product-feature.prod_feature_counter2 span.pf_icon {color: #ffffff;background-color: #333333;padding: 10px;font-size:20px;line-height:20px;width: 20px;height: 20px;}.product-feature.prod_feature_counter2 .featured {color: ;font-size: 20px;font-weight: 400;}.product-feature.prod_feature_counter2 .product-featured-description {color: ;font-size: 12px;line-height: 1.7;}<\/style><div class=\"product-feature-wrap style_1 img_small\"><span class=\"pf_icon fa fa-envelope circle\"><\/span><h3 class=\"featured\">Skicka e-post @<\/h3><div class=\"product-featured-description\"><a href=\"mailto:info@virtualmagnet.eu\">info(at)virtualmagnet.eu<\/a><\/div><\/div><\/div><div class=\"separator  \" style=\"padding-top: 15px; padding-bottom: 15px; \" ><hr class=\"blank_divider\" ><\/div><div class=\"product-feature prod_feature_counter3 toleft  \"  ><style type=\"text\/css\" scoped=\"scoped\">.product-feature.prod_feature_counter3 {}.product-feature.prod_feature_counter3 .product-feature-wrap {padding-left:70px;}.product-feature.prod_feature_counter3 span.pf_icon {color: #ffffff;background-color: #333333;padding: 10px;font-size:20px;line-height:20px;width: 20px;height: 20px;}.product-feature.prod_feature_counter3 .featured {color: ;font-size: 20px;font-weight: 400;}.product-feature.prod_feature_counter3 .product-featured-description {color: ;font-size: 12px;line-height: 1.7;}<\/style><div class=\"product-feature-wrap style_1 img_small\"><span class=\"pf_icon fa fa-question circle\"><\/span><h3 class=\"featured\">L\u00e4s v\u00e5r FAQ f\u00f6r ett snabbt svar<\/h3><div class=\"product-featured-description\">\n<p>Vi har besvarat de vanligaste fr\u00e5gorna och bekymren i v\u00e5r <a href=\"https:\/\/cloud.virtualmagnet.eu\/sv\/faq\/\">FAQ<\/a>.<\/p>\n<\/div><\/div><\/div><div class=\"separator  \" style=\"padding-top: 15px; padding-bottom: 15px; \" ><hr class=\"blank_divider\" ><\/div><div class=\"product-feature prod_feature_counter4 toleft  \"  ><style type=\"text\/css\" scoped=\"scoped\">.product-feature.prod_feature_counter4 {}.product-feature.prod_feature_counter4 .product-feature-wrap {padding-left:70px;}.product-feature.prod_feature_counter4 span.pf_icon {color: #ffffff;background-color: #333333;padding: 10px;font-size:20px;line-height:20px;width: 20px;height: 20px;}.product-feature.prod_feature_counter4 .featured {color: ;font-size: 20px;font-weight: 400;}.product-feature.prod_feature_counter4 .product-featured-description {color: ;font-size: 12px;line-height: 1.7;}<\/style><div class=\"product-feature-wrap style_1 img_small\"><span class=\"pf_icon fa fa-send circle\"><\/span><h3 class=\"featured\">Var vi finns<\/h3><div class=\"product-featured-description\">Oy Communication Pro Ab,<br \/>\nMagNet e-Publishing<br \/>\nAbborrv\u00e4gen 4 A 20<br \/>\n02170 Esbo<br \/>\n<a href=\"http:\/\/www.communicationpro.com\/sv\/\" target=\"_blank\" rel=\"noopener\">www.communicationpro.com<\/a><\/div><\/div><\/div><div class=\"separator  \" style=\"padding-top: 25px; padding-bottom: 25px; \" ><hr class=\"dotted\" ><\/div><div class=\"product-feature prod_feature_counter5 toleft  \"  ><style type=\"text\/css\" scoped=\"scoped\">.product-feature.prod_feature_counter5 {}.product-feature.prod_feature_counter5 .product-feature-wrap {padding-left:70px;}.product-feature.prod_feature_counter5 span.pf_icon {color: #ffffff;background-color: #333333;padding: 10px;font-size:20px;line-height:20px;width: 20px;height: 20px;}.product-feature.prod_feature_counter5 .featured {color: ;font-size: 20px;font-weight: 400;}.product-feature.prod_feature_counter5 .product-featured-description {color: ;font-size: 12px;line-height: 1.7;}<\/style><div class=\"product-feature-wrap style_1 img_small\"><span class=\"pf_icon fa fa-th circle\"><\/span><h3 class=\"featured\">V\u00e5ra \u00f6vriga tj\u00e4nster<\/h3><div class=\"product-featured-description\"><strong>MediaBank<\/strong> &#8211; molntj\u00e4nst f\u00f6r lagring och delning av mediefiler. Visa upp dina bilder, videor och publikationer i ett skr\u00e4ddarsytt galleri med starka sorteringsfunktioner!<br \/>\nL\u00e4s mera p\u00e5 adressen <strong><a href=\"https:\/\/mediabank.communicationpro.com\/sv\/\" target=\"_blank\" rel=\"noopener noreferrer\">mediabank.communicationpro.com\/sv<\/a><\/strong><\/div><\/div><\/div><div class=\"separator  \" style=\"padding-top: 25px; padding-bottom: 25px; \" ><hr class=\"dotted\" ><\/div><ul class=\"team-skills changed size_small product-feature \" style=\"text-align:center;\" ><li><a href=\"https:\/\/www.facebook.com\/magnetepublishing\" class=\"ntip\" alt=\"Facebook\" original-title=\"Facebook\" target=\"_blank\" rel=\"noopener\"><i class=\"fab fa-facebook\"><\/i><\/a><li><a href=\"https:\/\/www.linkedin.com\/company\/magnet-e-publishing\" class=\" ntip\" alt=\"LinkedIn\" original-title=\"LinkedIn\" target=\"_blank\" rel=\"noopener\"><i class=\"fab fa-linkedin\"><\/i><\/a><\/ul>[\/vc_column][vc_column width=&#8221;1\/2&#8243;]<div class=\"title-outer pos_left \"  style=\"\"><h3 style=\"11\">Ta kontakt:<\/h3><i class=\"fa fa-envelope\" style=\"\"><\/i><\/div><noscript class=\"ninja-forms-noscript-message\">\n\tObservera: JavaScript kr\u00e4vs f\u00f6r detta inneh\u00e5ll.<\/noscript>\n<div id=\"nf-form-35-cont\" class=\"nf-form-cont\" aria-live=\"polite\" aria-labelledby=\"nf-form-title-35\" aria-describedby=\"nf-form-errors-35\" role=\"form\">\n\n    <div class=\"nf-loading-spinner\"><\/div>\n\n<\/div>\n        <!-- That data is being printed as a workaround to page builders reordering the order of the scripts loaded-->\n        <script>var formDisplay=1;var nfForms=nfForms||[];var form=[];form.id='35';form.settings={\"objectType\":\"Form Setting\",\"editActive\":true,\"title\":\"Ta kontakt\",\"created_at\":\"2022-12-05 16:13:54\",\"default_label_pos\":\"above\",\"show_title\":\"0\",\"clear_complete\":\"1\",\"hide_complete\":0,\"logged_in\":\"0\",\"save_subs\":\"1\",\"append_page\":\"\",\"ajax\":\"0\",\"landing_page\":\"\",\"success_msg\":\"Your form has been successfully submitted.\",\"email_from\":\"\",\"email_type\":\"html\",\"user_email_msg\":\"Thank you so much for contacting us. We will get back to you shortly.\",\"user_email_fields\":\"0\",\"admin_email_msg\":\"\",\"admin_email_fields\":\"1\",\"admin_attach_csv\":\"0\",\"email_from_name\":\"\",\"date_updated\":\"2014-09-09 15:20:50\",\"status\":\"\",\"wrapper_class\":\"\",\"element_class\":\"\",\"add_submit\":\"1\",\"currency\":\"\",\"unique_field_error\":\"A form with this value has already been submitted.\",\"not_logged_in_msg\":\"\",\"sub_limit_msg\":\"The form has reached its submission limit.\",\"calculations\":[],\"formContentData\":[\"namn_1670249653751\",\"e-post_1670249660719\",\"meddelande_1670249666978\",\"spam_4\",\"skicka_1670250508938\"],\"key\":\"\",\"allow_public_link\":0,\"embed_form\":\"\",\"changeEmailErrorMsg\":\"Ange en giltig e-postadress!\",\"changeDateErrorMsg\":\"Ange ett giltigt datum!\",\"confirmFieldErrorMsg\":\"Dessa f\\u00e4lt m\\u00e5ste matcha!\",\"fieldNumberNumMinError\":\"Minnummer-fel\",\"fieldNumberNumMaxError\":\"Maxnummer-fel\",\"fieldNumberIncrementBy\":\"\\u00d6ka med \",\"formErrorsCorrectErrors\":\"R\\u00e4tta till fel innan du skickar in detta formul\\u00e4r.\",\"validateRequiredField\":\"Detta \\u00e4r ett obligatoriskt f\\u00e4lt.\",\"honeypotHoneypotError\":\"Honeypot-fel\",\"fieldsMarkedRequired\":\"F\\u00e4lt markerade med en <span class=\\\"ninja-forms-req-symbol\\\">*<\\\/span> \\u00e4r obligatoriskt\",\"drawerDisabled\":false,\"form_title_heading_level\":\"3\",\"ninjaForms\":\"Ninja Forms\",\"fieldTextareaRTEInsertLink\":\"Infoga l\\u00e4nk\",\"fieldTextareaRTEInsertMedia\":\"Infoga media\",\"fieldTextareaRTESelectAFile\":\"V\\u00e4lj en fil\",\"tableInsertRowAbove\":\"Insert Row Above\",\"tableInsertRowBelow\":\"Insert Row Below\",\"tableInsertColumnLeft\":\"Insert Column Left\",\"tableInsertColumnRight\":\"Insert Column Right\",\"tableDeleteRow\":\"Delete Row\",\"tableDeleteColumn\":\"Delete Column\",\"tableDeleteTable\":\"Delete Table\",\"tableLegacyNotice\":\"This content has tables in the old editor format. Custom styles are preserved until converted. Editing will update to the new format.\",\"tableLegacyConvert\":\"Convert Now\",\"tableInsertTable\":\"Insert Table\",\"dismiss\":\"Avf\\u00e4rda\",\"insertLink\":\"Infoga l\\u00e4nk\",\"formHoneypot\":\"Om du \\u00e4r en m\\u00e4nniska som ser detta f\\u00e4lt, l\\u00e4mna det tomt.\",\"fileUploadOldCodeFileUploadInProgress\":\"Filuppladdning p\\u00e5g\\u00e5r.\",\"fileUploadOldCodeFileUpload\":\"FILUPPLADDNING\",\"currencySymbol\":\"&euro;\",\"thousands_sep\":\"&nbsp;\",\"decimal_point\":\",\",\"siteLocale\":\"sv_SE\",\"dateFormat\":\"d.m.Y\",\"startOfWeek\":\"1\",\"of\":\"av\",\"previousMonth\":\"F\\u00f6reg\\u00e5ende m\\u00e5nad\",\"nextMonth\":\"N\\u00e4sta m\\u00e5nad\",\"months\":[\"Januari\",\"Februari\",\"Mars\",\"April\",\"Maj\",\"Juni\",\"Juli\",\"Augusti\",\"September\",\"Oktober\",\"November\",\"December\"],\"monthsShort\":[\"Jan\",\"Feb\",\"Mar\",\"Apr\",\"Maj\",\"Jun\",\"Jul\",\"Aug\",\"Sep\",\"Okt\",\"Nov\",\"Dec\"],\"weekdays\":[\"S\\u00f6ndag\",\"M\\u00e5ndag\",\"Tisdag\",\"Onsdag\",\"Torsdag\",\"Fredag\",\"L\\u00f6rdag\"],\"weekdaysShort\":[\"S\\u00f6n\",\"M\\u00e5n\",\"Tis\",\"Ons\",\"Tor\",\"Fre\",\"L\\u00f6r\"],\"weekdaysMin\":[\"S\\u00f6\",\"M\\u00e5\",\"Ti\",\"On\",\"To\",\"Fr\",\"L\\u00f6\"],\"recaptchaConsentMissing\":\"reCaptcha validation couldn&#039;t load.\",\"recaptchaMissingCookie\":\"reCaptcha v3 validation couldn&#039;t load the cookie needed to submit the form.\",\"recaptchaConsentEvent\":\"Accept reCaptcha cookies before sending the form.\",\"currency_symbol\":\"\",\"beforeForm\":\"\",\"beforeFields\":\"\",\"afterFields\":\"\",\"afterForm\":\"\"};form.fields=[{\"objectType\":\"Field\",\"objectDomain\":\"fields\",\"editActive\":false,\"order\":0,\"idAttribute\":\"id\",\"fav_id\":0,\"def_id\":0,\"label_pos\":\"above\",\"default_value\":\"\",\"mask\":\"\",\"datepicker\":0,\"first_name\":\"\",\"last_name\":\"\",\"from_name\":0,\"user_address_1\":\"\",\"user_address_2\":\"\",\"user_city\":\"\",\"user_zip\":\"\",\"user_phone\":\"\",\"user_email\":\"\",\"user_info_field_group\":\"\",\"show_help\":0,\"help_text\":\"\",\"show_desc\":0,\"desc_pos\":\"none\",\"desc_text\":\"\",\"calc_auto_include\":0,\"element_class\":\"\",\"required\":1,\"default\":\"\",\"type\":\"textbox\",\"label\":\"Namn\",\"key\":\"namn_1670249653751\",\"placeholder\":\"\",\"container_class\":\"\",\"input_limit\":\"\",\"input_limit_type\":\"characters\",\"input_limit_msg\":\"Character(s) left\",\"manual_key\":\"\",\"admin_label\":\"\",\"custom_mask\":\"\",\"custom_name_attribute\":\"\",\"personally_identifiable\":\"\",\"value\":\"\",\"field_label\":\"Name\",\"field_key\":\"textbox_1\",\"drawerDisabled\":false,\"id\":157,\"beforeField\":\"\",\"afterField\":\"\",\"parentType\":\"textbox\",\"element_templates\":[\"textbox\",\"input\"],\"old_classname\":\"\",\"wrap_template\":\"wrap\"},{\"objectType\":\"Field\",\"objectDomain\":\"fields\",\"editActive\":false,\"order\":1,\"idAttribute\":\"id\",\"fav_id\":0,\"def_id\":14,\"label_pos\":\"above\",\"default_value\":\"\",\"mask\":\"\",\"datepicker\":0,\"first_name\":0,\"last_name\":0,\"from_name\":0,\"user_address_1\":0,\"user_address_2\":0,\"user_city\":0,\"user_zip\":0,\"user_phone\":0,\"user_info_field_group\":1,\"show_help\":0,\"help_text\":\"\",\"calc_auto_include\":0,\"calc_option\":0,\"conditional\":\"\",\"user_info_field_group_name\":\"\",\"user_info_field_group_custom\":\"\",\"show_desc\":0,\"desc_pos\":\"none\",\"desc_text\":\"\",\"element_class\":\"\",\"required\":1,\"default\":\"\",\"type\":\"email\",\"label\":\"E-post\",\"key\":\"e-post_1670249660719\",\"placeholder\":\"\",\"container_class\":\"\",\"admin_label\":\"\",\"custom_name_attribute\":\"email\",\"personally_identifiable\":1,\"value\":\"\",\"field_label\":\"Email\",\"field_key\":\"email_2\",\"drawerDisabled\":false,\"id\":158,\"beforeField\":\"\",\"afterField\":\"\",\"parentType\":\"email\",\"element_templates\":[\"email\",\"input\"],\"old_classname\":\"\",\"wrap_template\":\"wrap\"},{\"objectType\":\"Field\",\"objectDomain\":\"fields\",\"editActive\":false,\"order\":2,\"idAttribute\":\"id\",\"fav_id\":0,\"def_id\":0,\"label_pos\":\"above\",\"default_value\":\"\",\"textarea_rte\":0,\"textarea_media\":0,\"disable_rte_mobile\":0,\"show_help\":0,\"help_text\":\"\",\"show_desc\":0,\"desc_pos\":\"none\",\"desc_text\":\"\",\"calc_auto_include\":0,\"element_class\":\"\",\"required\":1,\"default\":\"\",\"type\":\"textarea\",\"label\":\"Meddelande\",\"key\":\"meddelande_1670249666978\",\"placeholder\":\"\",\"container_class\":\"\",\"input_limit\":\"\",\"input_limit_type\":\"characters\",\"input_limit_msg\":\"Character(s) left\",\"manual_key\":\"\",\"admin_label\":\"\",\"value\":\"\",\"field_label\":\"Message\",\"field_key\":\"textarea_3\",\"drawerDisabled\":false,\"id\":159,\"beforeField\":\"\",\"afterField\":\"\",\"parentType\":\"textarea\",\"element_templates\":[\"textarea\",\"input\"],\"old_classname\":\"\",\"wrap_template\":\"wrap\"},{\"objectType\":\"Field\",\"objectDomain\":\"fields\",\"editActive\":false,\"order\":3,\"idAttribute\":\"id\",\"fav_id\":0,\"def_id\":0,\"label_pos\":\"left\",\"spam_answer\":7,\"show_help\":0,\"help_text\":\"\",\"show_desc\":0,\"desc_pos\":\"none\",\"desc_text\":\"\",\"element_class\":\"\",\"required\":1,\"type\":\"spam\",\"label\":\"Vad \\u00e4r tretton minus 6?\",\"key\":\"spam_4\",\"default\":\"\",\"placeholder\":\"\",\"container_class\":\"\",\"input_limit\":\"\",\"input_limit_type\":\"characters\",\"input_limit_msg\":\"Character(s) left\",\"manual_key\":1,\"admin_label\":\"\",\"value\":\"\",\"drawerDisabled\":false,\"field_label\":\"What is thirteen minus 6?\",\"field_key\":\"spam_4\",\"id\":160,\"beforeField\":\"\",\"afterField\":\"\",\"parentType\":\"spam\",\"element_templates\":[\"textbox\",\"input\"],\"old_classname\":\"\",\"wrap_template\":\"wrap\"},{\"objectType\":\"Field\",\"objectDomain\":\"fields\",\"editActive\":false,\"order\":4,\"idAttribute\":\"id\",\"fav_id\":0,\"def_id\":0,\"show_help\":0,\"help_text\":\"\",\"show_desc\":0,\"desc_pos\":\"none\",\"desc_text\":\"\",\"processing_label\":\"Bearbetar\",\"element_class\":\"\",\"type\":\"submit\",\"label\":\"Skicka\",\"key\":\"skicka_1670250508938\",\"container_class\":\"\",\"field_label\":\"Send\",\"field_key\":\"submit_5\",\"drawerDisabled\":false,\"id\":161,\"beforeField\":\"\",\"afterField\":\"\",\"value\":\"\",\"label_pos\":\"above\",\"parentType\":\"textbox\",\"element_templates\":[\"submit\",\"button\",\"input\"],\"old_classname\":\"\",\"wrap_template\":\"wrap-no-label\"}];nfForms.push(form);<\/script>\n        [\/vc_column][\/vc_row]\n<\/div>","protected":false},"excerpt":{"rendered":"<p>[vc_row video_bg=&#8221;false&#8221; margintop=&#8221;0&#8243; marginbottom=&#8221;0&#8243; paddingtop=&#8221;60&#8243; paddingbottom=&#8221;60&#8243; border_width=&#8221;0&#8243; border_color=&#8221;#e8e8e8&#8243; bg_repeat=&#8221;repeat&#8221; bg_stretch=&#8221;false&#8221; video_quality=&#8221;default&#8221;][vc_column width=&#8221;1\/2&#8243;][\/vc_column][vc_column width=&#8221;1\/2&#8243;][\/vc_column][\/vc_row]<\/p>\n","protected":false},"author":1,"featured_media":0,"parent":0,"menu_order":58,"comment_status":"closed","ping_status":"closed","template":"","meta":{"footnotes":""},"class_list":["post-12889","page","type-page","status-publish","hentry"],"_links":{"self":[{"href":"https:\/\/cloud.virtualmagnet.eu\/sv\/wp-json\/wp\/v2\/pages\/12889","targetHints":{"allow":["GET"]}}],"collection":[{"href":"https:\/\/cloud.virtualmagnet.eu\/sv\/wp-json\/wp\/v2\/pages"}],"about":[{"href":"https:\/\/cloud.virtualmagnet.eu\/sv\/wp-json\/wp\/v2\/types\/page"}],"author":[{"embeddable":true,"href":"https:\/\/cloud.virtualmagnet.eu\/sv\/wp-json\/wp\/v2\/users\/1"}],"replies":[{"embeddable":true,"href":"https:\/\/cloud.virtualmagnet.eu\/sv\/wp-json\/wp\/v2\/comments?post=12889"}],"version-history":[{"count":13,"href":"https:\/\/cloud.virtualmagnet.eu\/sv\/wp-json\/wp\/v2\/pages\/12889\/revisions"}],"predecessor-version":[{"id":21813,"href":"https:\/\/cloud.virtualmagnet.eu\/sv\/wp-json\/wp\/v2\/pages\/12889\/revisions\/21813"}],"wp:attachment":[{"href":"https:\/\/cloud.virtualmagnet.eu\/sv\/wp-json\/wp\/v2\/media?parent=12889"}],"curies":[{"name":"wp","href":"https:\/\/api.w.org\/{rel}","templated":true}]}}