{"id":13450,"date":"2015-12-16T10:59:18","date_gmt":"2015-12-16T08:59:18","guid":{"rendered":"https:\/\/cloud.virtualmagnet.eu\/shop\/selfservice-publiceringstjanst\/"},"modified":"2015-12-16T10:59:18","modified_gmt":"2015-12-16T08:59:18","slug":"selfservice-publiceringstjanst","status":"publish","type":"product","link":"https:\/\/cloud.virtualmagnet.eu\/sv\/shop\/selfservice-publiceringstjanst\/","title":{"rendered":"SelfService publiceringstj\u00e4nst"},"content":{"rendered":"","protected":false},"excerpt":{"rendered":"<p>Med SelfService sk\u00f6ter du l\u00e4tt och kostnadseffektivt jobbet sj\u00e4lv! V\u00e5rt online gr\u00e4nssnitt erbjuder PDF-uppladdning, konvertering och publikationsl\u00e4nken. Du har alltid full koll p\u00e5 alla dina publikationer och kan fritt byta ut dem s\u00e5 ofta du vill.<\/p>\n","protected":false},"featured_media":13446,"template":"","meta":[],"product_brand":[],"product_cat":[211],"product_tag":[],"class_list":{"0":"post-13450","1":"product","2":"type-product","3":"status-publish","4":"has-post-thumbnail","6":"product_cat-publiceringsplan","8":"first","9":"instock","10":"sold-individually","11":"taxable","12":"shipping-taxable","13":"product-type-grouped"},"_links":{"self":[{"href":"https:\/\/cloud.virtualmagnet.eu\/sv\/wp-json\/wp\/v2\/product\/13450","targetHints":{"allow":["GET"]}}],"collection":[{"href":"https:\/\/cloud.virtualmagnet.eu\/sv\/wp-json\/wp\/v2\/product"}],"about":[{"href":"https:\/\/cloud.virtualmagnet.eu\/sv\/wp-json\/wp\/v2\/types\/product"}],"wp:featuredmedia":[{"embeddable":true,"href":"https:\/\/cloud.virtualmagnet.eu\/sv\/wp-json\/wp\/v2\/media\/13446"}],"wp:attachment":[{"href":"https:\/\/cloud.virtualmagnet.eu\/sv\/wp-json\/wp\/v2\/media?parent=13450"}],"wp:term":[{"taxonomy":"product_brand","embeddable":true,"href":"https:\/\/cloud.virtualmagnet.eu\/sv\/wp-json\/wp\/v2\/product_brand?post=13450"},{"taxonomy":"product_cat","embeddable":true,"href":"https:\/\/cloud.virtualmagnet.eu\/sv\/wp-json\/wp\/v2\/product_cat?post=13450"},{"taxonomy":"product_tag","embeddable":true,"href":"https:\/\/cloud.virtualmagnet.eu\/sv\/wp-json\/wp\/v2\/product_tag?post=13450"}],"curies":[{"name":"wp","href":"https:\/\/api.w.org\/{rel}","templated":true}]}}